{"id":1176,"date":"2023-01-24T07:18:40","date_gmt":"2023-01-24T07:18:40","guid":{"rendered":"https:\/\/www.progen.org\/gestion-de-los-cuidados\/"},"modified":"2023-07-18T23:16:15","modified_gmt":"2023-07-18T23:16:15","slug":"gestion-de-los-cuidados","status":"publish","type":"page","link":"https:\/\/www.progen.org\/es\/servicios\/gestion-de-los-cuidados\/","title":{"rendered":"Gesti\u00f3n de los cuidados"},"content":{"rendered":"<section class=\"wpb-content-wrapper\"><p>[vc_section el_id=&#8221;care-management-section_0&#8243; el_class=&#8221;bg-size-cover bg-no-repeat bg-center&#8221; css=&#8221;.vc_custom_1674545452779{background-image: url(https:\/\/www.progen.org\/wp-content\/uploads\/2023\/01\/services-section_0-bg.png?id=122) !important;}&#8221;][vc_row][vc_column][vc_empty_space height=&#8221;80px&#8221;][vc_row_inner el_class=&#8221;row no-padding-vc&#8221;][vc_column_inner][vc_column_text el_class=&#8221;large-text-left text-center&#8221;]<\/p>\n<h1 class=\"page-heading font-color-white no-margin-bottom\">Servicios<\/h1>\n<p>[\/vc_column_text][\/vc_column_inner][\/vc_row_inner][vc_empty_space height=&#8221;180px&#8221;][\/vc_column][\/vc_row][\/vc_section][vc_section el_id=&#8221;care-management-section_1&#8243;][vc_row][vc_column][vc_empty_space height=&#8221;90px&#8221; el_class=&#8221;show-for-large&#8221;][vc_empty_space height=&#8221;45px&#8221; el_class=&#8221;hide-for-large&#8221;][vc_row_inner equal_height=&#8221;yes&#8221; content_placement=&#8221;middle&#8221; el_class=&#8221;row no-padding-vc&#8221;][vc_column_inner el_class=&#8221;large-order-1&#8243; width=&#8221;1\/2&#8243;][vc_column_text el_class=&#8221;center-overlapped-images&#8221;]<\/p>\n<div class=\"image-overlap\">\n<p><img loading=\"lazy\" decoding=\"async\" class=\"bg-img alignnone size-full wp-image-57\" src=\"\/wp-content\/uploads\/2023\/01\/home-section_2-bg-img_1.png\" alt=\"\" width=\"628\" height=\"494\" \/><br \/>\n<img loading=\"lazy\" decoding=\"async\" class=\"primary-img alignnone size-full wp-image-162\" src=\"\/wp-content\/uploads\/2023\/01\/care-management-section_1-img_1.png\" alt=\"\" width=\"689\" height=\"455\" srcset=\"https:\/\/www.progen.org\/wp-content\/uploads\/2023\/01\/care-management-section_1-img_1.png 689w, https:\/\/www.progen.org\/wp-content\/uploads\/2023\/01\/care-management-section_1-img_1-300x198.png 300w\" sizes=\"(max-width: 689px) 100vw, 689px\" \/><\/p>\n<\/div>\n<p>[\/vc_column_text][\/vc_column_inner][vc_column_inner el_class=&#8221;large-order-0&#8243; width=&#8221;1\/2&#8243;][vc_column_text el_class=&#8221;text-center large-text-left extra-large-padding-right-for-large&#8221;]<\/p>\n<h2 class=\"margin-bottom-2point5rem\">Gesti\u00f3n de Cuidados<\/h2>\n<p class=\"margin-bottom-2point5rem\">La gesti\u00f3n de cuidados se refiere a la supervisi\u00f3n y coordinaci\u00f3n de toda la atenci\u00f3n que reciben un ni\u00f1o y su familia para ayudarles a navegar por los servicios de salud del ni\u00f1o. Los gestores de cuidados eval\u00faan las necesidades de las familias y las ponen en contacto con los recursos adecuados. Como resultado, los gestores de atenci\u00f3n ayudan a garantizar que las familias y sus hijos reciban todos los recursos y ayudas a los que tienen derecho. Estos cuidados pueden incluir desde fisioterapia y terapia ocupacional hasta gesti\u00f3n de la medicaci\u00f3n, asesoramiento y recursos comunitarios. Los gestores de cuidados tambi\u00e9n se aseguran de que los ni\u00f1os con problemas de salud mental reciban el apoyo que necesitan para prosperar.<\/p>\n<p>[\/vc_column_text][\/vc_column_inner][\/vc_row_inner][vc_empty_space height=&#8221;90px&#8221; el_class=&#8221;show-for-large&#8221;][vc_empty_space height=&#8221;45px&#8221; el_class=&#8221;hide-for-large&#8221;][\/vc_column][\/vc_row][\/vc_section][vc_section el_id=&#8221;care-management-section_2&#8243;][vc_row][vc_column][vc_row_inner equal_height=&#8221;yes&#8221; content_placement=&#8221;middle&#8221; el_class=&#8221;row no-padding-vc expanded&#8221;][vc_column_inner el_class=&#8221;no-padding&#8221; width=&#8221;1\/2&#8243;][vc_column_text el_class=&#8221;text-center&#8221;]<img decoding=\"async\" class=\"alignnone size-full wp-image-165\" src=\"\/wp-content\/uploads\/2023\/01\/care-management-section_2-img_1.png\" alt=\"\" width=\"100%\" height=\"601\" srcset=\"https:\/\/www.progen.org\/wp-content\/uploads\/2023\/01\/care-management-section_2-img_1.png 962w, https:\/\/www.progen.org\/wp-content\/uploads\/2023\/01\/care-management-section_2-img_1-300x187.png 300w, https:\/\/www.progen.org\/wp-content\/uploads\/2023\/01\/care-management-section_2-img_1-768x480.png 768w\" sizes=\"(max-width: 962px) 100vw, 962px\" \/>[\/vc_column_text][\/vc_column_inner][vc_column_inner el_class=&#8221;no-padding bg-color-secondary&#8221; width=&#8221;1\/2&#8243; css=&#8221;.vc_custom_1674545187047{background-position: center !important;background-repeat: no-repeat !important;background-size: cover !important;}&#8221;][vc_empty_space height=&#8221;24px&#8221; el_class=&#8221;hide-for-large&#8221;][vc_column_text el_class=&#8221;text-center large-text-left extra-large-padding-left-for-large extra-large-padding-right-for-large&#8221;]<\/p>\n<h2 class=\"margin-bottom-2point5rem font-color-white\">Servicios<\/h2>\n<p class=\"margin-bottom-2point5rem font-color-white\">La gesti\u00f3n de los cuidados implica muchos servicios que pueden beneficiar a las familias y a sus hijos. Estos son algunos de los servicios que las familias pueden esperar recibir de su gestor de cuidados:<\/p>\n<ul class=\"text-left font-color-white\">\n<li>Elaboraci\u00f3n del plan de cuidados<\/li>\n<li>Conexi\u00f3n con recursos y apoyo<\/li>\n<li>Educaci\u00f3n sobre los recursos disponibles<\/li>\n<li>Gesti\u00f3n de casos<\/li>\n<li>Coordinaci\u00f3n asistencial<\/li>\n<li>Y m\u00e1s<\/li>\n<\/ul>\n<p>[\/vc_column_text][vc_empty_space height=&#8221;24px&#8221; el_class=&#8221;hide-for-large&#8221;][\/vc_column_inner][\/vc_row_inner][\/vc_column][\/vc_row][\/vc_section][vc_section el_id=&#8221;care-management-section_3&#8243; css=&#8221;.vc_custom_1674545478308{border-bottom-width: 1px !important;border-bottom-color: #00bff2 !important;border-bottom-style: solid !important;}&#8221;][vc_row][vc_column][vc_empty_space height=&#8221;90px&#8221; el_class=&#8221;show-for-large&#8221;][vc_empty_space height=&#8221;45px&#8221; el_class=&#8221;hide-for-large&#8221;][vc_row_inner equal_height=&#8221;yes&#8221; content_placement=&#8221;middle&#8221; el_class=&#8221;row no-padding-vc&#8221;][vc_column_inner el_class=&#8221;columns small-12 large-8 large-offset-2&#8243;][vc_column_text el_class=&#8221;text-center&#8221;]<\/p>\n<h2 class=\"margin-bottom-1point5rem\">Encontrar el tratamiento adecuado<\/h2>\n<p class=\"margin-bottom-0\">Ayudamos a proporcionar servicios asequibles, recursos y atenci\u00f3n profesional a disposici\u00f3n de su familia. Nuestro equipo averigua exactamente a qu\u00e9 servicios tiene derecho para que pueda aprovechar los que tiene a su disposici\u00f3n y obtener la ayuda adicional que necesita. Los servicios disponibles se determinan caso por caso y pueden incluir lo siguiente:<\/p>\n<p>[\/vc_column_text][\/vc_column_inner][\/vc_row_inner][vc_empty_space height=&#8221;90px&#8221; el_class=&#8221;show-for-large&#8221;][vc_empty_space height=&#8221;45px&#8221; el_class=&#8221;hide-for-large&#8221;][vc_row_inner el_class=&#8221;row no-padding-vc&#8221;][vc_column_inner el_class=&#8221;hover-up&#8221; width=&#8221;1\/3&#8243;][vc_column_text el_class=&#8221;text-center&#8221;]<\/p>\n<div class=\"card no-padding\" data-equalizer-watch=\"medium\">\n<p class=\"margin-bottom-2point5rem\"><img decoding=\"async\" class=\"alignnone size-full wp-image-39\" src=\"\/wp-content\/uploads\/2023\/01\/home-section_3-img_4.png\" alt=\"\" width=\"100%\" height=\"212\" srcset=\"https:\/\/www.progen.org\/wp-content\/uploads\/2023\/01\/home-section_3-img_4.png 450w, https:\/\/www.progen.org\/wp-content\/uploads\/2023\/01\/home-section_3-img_4-300x141.png 300w\" sizes=\"(max-width: 450px) 100vw, 450px\" \/><\/p>\n<div class=\"card-content\">\n<h3 class=\"margin-bottom-2rem\">Apoyo al cuidador familiar<\/h3>\n<p class=\"margin-bottom-0\">Un poco de ayuda viene muy bien. Podemos ofrecerle consultas y asistencia a domicilio para mejorar el modo de vida de su familia.<\/p>\n<\/div>\n<p><a class=\"button secondary text-transform-uppercase margin-bottom-3rem\" href=\"\/services\/family-caregiver-support\"><span class=\"\">M\u00e1s informaci\u00f3n<\/span><img loading=\"lazy\" decoding=\"async\" class=\"alignnone size-full wp-image-48\" src=\"\/wp-content\/uploads\/2023\/01\/right-arrow-icon.png\" alt=\"\" width=\"18\" height=\"18\" \/><\/a><\/p>\n<\/div>\n<p>[\/vc_column_text][vc_empty_space height=&#8221;24px&#8221; el_class=&#8221;hide-for-large&#8221;][\/vc_column_inner][vc_column_inner el_class=&#8221;hover-up&#8221; width=&#8221;1\/3&#8243;][vc_column_text el_class=&#8221;text-center&#8221;]<\/p>\n<div class=\"card no-padding\" data-equalizer-watch=\"medium\">\n<p class=\"margin-bottom-2point5rem\"><img decoding=\"async\" class=\"alignnone size-full wp-image-38\" src=\"\/wp-content\/uploads\/2023\/01\/home-section_3-img_5.png\" alt=\"\" width=\"100%\" height=\"212\" srcset=\"https:\/\/www.progen.org\/wp-content\/uploads\/2023\/01\/home-section_3-img_5.png 450w, https:\/\/www.progen.org\/wp-content\/uploads\/2023\/01\/home-section_3-img_5-300x141.png 300w\" sizes=\"(max-width: 450px) 100vw, 450px\" \/><\/p>\n<div class=\"card-content\">\n<h3 class=\"margin-bottom-2rem\">Servicios preprofesionales<\/h3>\n<p class=\"margin-bottom-0\">El \u00e9xito empieza paso a paso. Los servicios preprofesionales preparan a su hijo con las habilidades b\u00e1sicas necesarias para prosperar en un puesto de trabajo.<\/p>\n<\/div>\n<p><a class=\"button secondary text-transform-uppercase margin-bottom-3rem\" href=\"https:\/\/www.progen.org\/es\/?page_id=1245\"><span class=\"\">M\u00e1s informaci\u00f3n<\/span><img loading=\"lazy\" decoding=\"async\" class=\"alignnone size-full wp-image-48\" src=\"\/wp-content\/uploads\/2023\/01\/right-arrow-icon.png\" alt=\"\" width=\"18\" height=\"18\" \/><\/a><\/p>\n<\/div>\n<p>[\/vc_column_text][vc_empty_space height=&#8221;24px&#8221; el_class=&#8221;hide-for-large&#8221;][\/vc_column_inner][vc_column_inner el_class=&#8221;hover-up&#8221; width=&#8221;1\/3&#8243;][vc_column_text el_class=&#8221;text-center&#8221;]<\/p>\n<div class=\"card no-padding\" data-equalizer-watch=\"medium\">\n<p class=\"margin-bottom-2point5rem\"><img decoding=\"async\" class=\"alignnone size-full wp-image-37\" src=\"\/wp-content\/uploads\/2023\/01\/home-section_3-img_6.png\" alt=\"\" width=\"100%\" height=\"212\" srcset=\"https:\/\/www.progen.org\/wp-content\/uploads\/2023\/01\/home-section_3-img_6.png 450w, https:\/\/www.progen.org\/wp-content\/uploads\/2023\/01\/home-section_3-img_6-300x141.png 300w\" sizes=\"(max-width: 450px) 100vw, 450px\" \/><\/p>\n<div class=\"card-content\">\n<h3 class=\"margin-bottom-2rem\">Servicios de respiro<\/h3>\n<p class=\"margin-bottom-0\">A veces todos necesitamos un descanso. Nuestros servicios de respiro permiten que su hijo participe en actividades divertidas al tiempo que le dan a usted la oportunidad de respirar.<\/p>\n<\/div>\n<p><a class=\"button secondary text-transform-uppercase margin-bottom-3rem\" href=\"https:\/\/www.progen.org\/es\/?page_id=1223\"><span class=\"\">M\u00e1s informaci\u00f3n<\/span><img loading=\"lazy\" decoding=\"async\" class=\"alignnone size-full wp-image-48\" src=\"\/wp-content\/uploads\/2023\/01\/right-arrow-icon.png\" alt=\"\" width=\"18\" height=\"18\" \/><\/a><\/p>\n<\/div>\n<p>[\/vc_column_text][\/vc_column_inner][\/vc_row_inner][vc_empty_space height=&#8221;90px&#8221; el_class=&#8221;show-for-large&#8221;][vc_empty_space height=&#8221;45px&#8221; el_class=&#8221;hide-for-large&#8221;][\/vc_column][\/vc_row][\/vc_section]<\/p>\n<\/section>","protected":false},"excerpt":{"rendered":"<p>[vc_section el_id=&#8221;care-management-section_0&#8243; el_class=&#8221;bg-size-cover bg-no-repeat bg-center&#8221; css=&#8221;.vc_custom_1674545452779{background-image: url(https:\/\/www.progen.org\/wp-content\/uploads\/2023\/01\/services-section_0-bg.png?id=122) !important;}&#8221;][vc_row][vc_column][vc_empty_space height=&#8221;80px&#8221;][vc_row_inner el_class=&#8221;row no-padding-vc&#8221;][vc_column_inner][vc_column_text el_class=&#8221;large-text-left text-center&#8221;] Servicios [\/vc_column_text][\/vc_column_inner][\/vc_row_inner][vc_empty_space height=&#8221;180px&#8221;][\/vc_column][\/vc_row][\/vc_section][vc_section el_id=&#8221;care-management-section_1&#8243;][vc_row][vc_column][vc_empty_space height=&#8221;90px&#8221; el_class=&#8221;show-for-large&#8221;][vc_empty_space height=&#8221;45px&#8221; el_class=&#8221;hide-for-large&#8221;][vc_row_inner equal_height=&#8221;yes&#8221; content_placement=&#8221;middle&#8221; el_class=&#8221;row no-padding-vc&#8221;][vc_column_inner el_class=&#8221;large-order-1&#8243; width=&#8221;1\/2&#8243;][vc_column_text el_class=&#8221;center-overlapped-images&#8221;] [\/vc_column_text][\/vc_column_inner][vc_column_inner el_class=&#8221;large-order-0&#8243; width=&#8221;1\/2&#8243;][vc_column_text el_class=&#8221;text-center large-text-left extra-large-padding-right-for-large&#8221;] Gesti\u00f3n de Cuidados La gesti\u00f3n de cuidados se refiere a la supervisi\u00f3n y coordinaci\u00f3n de toda la atenci\u00f3n que reciben un<a class=\"excerpt-read-more\" href=\"https:\/\/www.progen.org\/es\/servicios\/gestion-de-los-cuidados\/\" title=\"LeerGesti\u00f3n de los cuidados\">&#8230; Leer m\u00e1s &#8220;<\/a><\/p>\n","protected":false},"author":1,"featured_media":0,"parent":1178,"menu_order":0,"comment_status":"closed","ping_status":"closed","template":"template-visual-builder.php","meta":{"inline_featured_image":false,"footnotes":""},"yoast_head":"<!-- This site is optimized with the Yoast SEO plugin v21.6 - https:\/\/yoast.com\/wordpress\/plugins\/seo\/ -->\n<title>Gesti\u00f3n de los cuidados - Progen Care<\/title>\n<meta name=\"robots\" content=\"index, follow, max-snippet:-1, max-image-preview:large, max-video-preview:-1\" \/>\n<link rel=\"canonical\" href=\"https:\/\/www.progen.org\/es\/servicios\/gestion-de-los-cuidados\/\" \/>\n<meta property=\"og:locale\" content=\"es_ES\" \/>\n<meta property=\"og:type\" content=\"article\" \/>\n<meta property=\"og:title\" content=\"Gesti\u00f3n de los cuidados - Progen Care\" \/>\n<meta property=\"og:description\" content=\"[vc_section el_id=&#8221;care-management-section_0&#8243; el_class=&#8221;bg-size-cover bg-no-repeat bg-center&#8221; css=&#8221;.vc_custom_1674545452779{background-image: url(https:\/\/www.progen.org\/wp-content\/uploads\/2023\/01\/services-section_0-bg.png?id=122) !important;}&#8221;][vc_row][vc_column][vc_empty_space height=&#8221;80px&#8221;][vc_row_inner el_class=&#8221;row no-padding-vc&#8221;][vc_column_inner][vc_column_text el_class=&#8221;large-text-left text-center&#8221;] Servicios [\/vc_column_text][\/vc_column_inner][\/vc_row_inner][vc_empty_space height=&#8221;180px&#8221;][\/vc_column][\/vc_row][\/vc_section][vc_section el_id=&#8221;care-management-section_1&#8243;][vc_row][vc_column][vc_empty_space height=&#8221;90px&#8221; el_class=&#8221;show-for-large&#8221;][vc_empty_space height=&#8221;45px&#8221; el_class=&#8221;hide-for-large&#8221;][vc_row_inner equal_height=&#8221;yes&#8221; content_placement=&#8221;middle&#8221; el_class=&#8221;row no-padding-vc&#8221;][vc_column_inner el_class=&#8221;large-order-1&#8243; width=&#8221;1\/2&#8243;][vc_column_text el_class=&#8221;center-overlapped-images&#8221;] [\/vc_column_text][\/vc_column_inner][vc_column_inner el_class=&#8221;large-order-0&#8243; width=&#8221;1\/2&#8243;][vc_column_text el_class=&#8221;text-center large-text-left extra-large-padding-right-for-large&#8221;] Gesti\u00f3n de Cuidados La gesti\u00f3n de cuidados se refiere a la supervisi\u00f3n y coordinaci\u00f3n de toda la atenci\u00f3n que reciben un... Leer m\u00e1s &quot;\" \/>\n<meta property=\"og:url\" content=\"https:\/\/www.progen.org\/es\/servicios\/gestion-de-los-cuidados\/\" \/>\n<meta property=\"og:site_name\" content=\"Progen Care\" \/>\n<meta property=\"article:publisher\" content=\"https:\/\/www.facebook.com\/progencare\/\" \/>\n<meta property=\"article:modified_time\" content=\"2023-07-18T23:16:15+00:00\" \/>\n<meta property=\"og:image\" content=\"https:\/\/www.progen.org\/wp-content\/uploads\/2023\/01\/care-management-section_1-img_1.png\" \/>\n\t<meta property=\"og:image:width\" content=\"689\" \/>\n\t<meta property=\"og:image:height\" content=\"455\" \/>\n\t<meta property=\"og:image:type\" content=\"image\/png\" \/>\n<meta name=\"twitter:card\" content=\"summary_large_image\" \/>\n<meta name=\"twitter:label1\" content=\"Est. reading time\" \/>\n\t<meta name=\"twitter:data1\" content=\"4 minutes\" \/>\n<script type=\"application\/ld+json\" class=\"yoast-schema-graph\">{\"@context\":\"https:\/\/schema.org\",\"@graph\":[{\"@type\":\"WebPage\",\"@id\":\"https:\/\/www.progen.org\/es\/servicios\/gestion-de-los-cuidados\/\",\"url\":\"https:\/\/www.progen.org\/es\/servicios\/gestion-de-los-cuidados\/\",\"name\":\"Gesti\u00f3n de los cuidados - Progen Care\",\"isPartOf\":{\"@id\":\"https:\/\/www.progen.org\/#website\"},\"datePublished\":\"2023-01-24T07:18:40+00:00\",\"dateModified\":\"2023-07-18T23:16:15+00:00\",\"breadcrumb\":{\"@id\":\"https:\/\/www.progen.org\/es\/servicios\/gestion-de-los-cuidados\/#breadcrumb\"},\"inLanguage\":\"es-ES\",\"potentialAction\":[{\"@type\":\"ReadAction\",\"target\":[\"https:\/\/www.progen.org\/es\/servicios\/gestion-de-los-cuidados\/\"]}]},{\"@type\":\"BreadcrumbList\",\"@id\":\"https:\/\/www.progen.org\/es\/servicios\/gestion-de-los-cuidados\/#breadcrumb\",\"itemListElement\":[{\"@type\":\"ListItem\",\"position\":1,\"name\":\"Home\",\"item\":\"https:\/\/www.progen.org\/es\/\"},{\"@type\":\"ListItem\",\"position\":2,\"name\":\"Servicios\",\"item\":\"https:\/\/www.progen.org\/es\/servicios\/\"},{\"@type\":\"ListItem\",\"position\":3,\"name\":\"Gesti\u00f3n de los cuidados\"}]},{\"@type\":\"WebSite\",\"@id\":\"https:\/\/www.progen.org\/#website\",\"url\":\"https:\/\/www.progen.org\/\",\"name\":\"Progen Care\",\"description\":\"Connecting Children With The Best  Possible Care\",\"publisher\":{\"@id\":\"https:\/\/www.progen.org\/#organization\"},\"potentialAction\":[{\"@type\":\"SearchAction\",\"target\":{\"@type\":\"EntryPoint\",\"urlTemplate\":\"https:\/\/www.progen.org\/?s={search_term_string}\"},\"query-input\":\"required name=search_term_string\"}],\"inLanguage\":\"es-ES\"},{\"@type\":\"Organization\",\"@id\":\"https:\/\/www.progen.org\/#organization\",\"name\":\"Progen Care\",\"url\":\"https:\/\/www.progen.org\/\",\"logo\":{\"@type\":\"ImageObject\",\"inLanguage\":\"es-ES\",\"@id\":\"https:\/\/www.progen.org\/#\/schema\/logo\/image\/\",\"url\":\"https:\/\/www.progen.org\/wp-content\/uploads\/2023\/01\/logo.png\",\"contentUrl\":\"https:\/\/www.progen.org\/wp-content\/uploads\/2023\/01\/logo.png\",\"width\":242,\"height\":83,\"caption\":\"Progen Care\"},\"image\":{\"@id\":\"https:\/\/www.progen.org\/#\/schema\/logo\/image\/\"},\"sameAs\":[\"https:\/\/www.facebook.com\/progencare\/\",\"https:\/\/www.instagram.com\/progencare\/\",\"https:\/\/www.linkedin.com\/company\/progencare\/\"]}]}<\/script>\n<!-- \/ Yoast SEO plugin. -->","yoast_head_json":{"title":"Gesti\u00f3n de los cuidados - Progen Care","robots":{"index":"index","follow":"follow","max-snippet":"max-snippet:-1","max-image-preview":"max-image-preview:large","max-video-preview":"max-video-preview:-1"},"canonical":"https:\/\/www.progen.org\/es\/servicios\/gestion-de-los-cuidados\/","og_locale":"es_ES","og_type":"article","og_title":"Gesti\u00f3n de los cuidados - Progen Care","og_description":"[vc_section el_id=&#8221;care-management-section_0&#8243; el_class=&#8221;bg-size-cover bg-no-repeat bg-center&#8221; css=&#8221;.vc_custom_1674545452779{background-image: url(https:\/\/www.progen.org\/wp-content\/uploads\/2023\/01\/services-section_0-bg.png?id=122) !important;}&#8221;][vc_row][vc_column][vc_empty_space height=&#8221;80px&#8221;][vc_row_inner el_class=&#8221;row no-padding-vc&#8221;][vc_column_inner][vc_column_text el_class=&#8221;large-text-left text-center&#8221;] Servicios [\/vc_column_text][\/vc_column_inner][\/vc_row_inner][vc_empty_space height=&#8221;180px&#8221;][\/vc_column][\/vc_row][\/vc_section][vc_section el_id=&#8221;care-management-section_1&#8243;][vc_row][vc_column][vc_empty_space height=&#8221;90px&#8221; el_class=&#8221;show-for-large&#8221;][vc_empty_space height=&#8221;45px&#8221; el_class=&#8221;hide-for-large&#8221;][vc_row_inner equal_height=&#8221;yes&#8221; content_placement=&#8221;middle&#8221; el_class=&#8221;row no-padding-vc&#8221;][vc_column_inner el_class=&#8221;large-order-1&#8243; width=&#8221;1\/2&#8243;][vc_column_text el_class=&#8221;center-overlapped-images&#8221;] [\/vc_column_text][\/vc_column_inner][vc_column_inner el_class=&#8221;large-order-0&#8243; width=&#8221;1\/2&#8243;][vc_column_text el_class=&#8221;text-center large-text-left extra-large-padding-right-for-large&#8221;] Gesti\u00f3n de Cuidados La gesti\u00f3n de cuidados se refiere a la supervisi\u00f3n y coordinaci\u00f3n de toda la atenci\u00f3n que reciben un... Leer m\u00e1s \"","og_url":"https:\/\/www.progen.org\/es\/servicios\/gestion-de-los-cuidados\/","og_site_name":"Progen Care","article_publisher":"https:\/\/www.facebook.com\/progencare\/","article_modified_time":"2023-07-18T23:16:15+00:00","og_image":[{"width":689,"height":455,"url":"https:\/\/www.progen.org\/wp-content\/uploads\/2023\/01\/care-management-section_1-img_1.png","type":"image\/png"}],"twitter_card":"summary_large_image","twitter_misc":{"Est. reading time":"4 minutes"},"schema":{"@context":"https:\/\/schema.org","@graph":[{"@type":"WebPage","@id":"https:\/\/www.progen.org\/es\/servicios\/gestion-de-los-cuidados\/","url":"https:\/\/www.progen.org\/es\/servicios\/gestion-de-los-cuidados\/","name":"Gesti\u00f3n de los cuidados - Progen Care","isPartOf":{"@id":"https:\/\/www.progen.org\/#website"},"datePublished":"2023-01-24T07:18:40+00:00","dateModified":"2023-07-18T23:16:15+00:00","breadcrumb":{"@id":"https:\/\/www.progen.org\/es\/servicios\/gestion-de-los-cuidados\/#breadcrumb"},"inLanguage":"es-ES","potentialAction":[{"@type":"ReadAction","target":["https:\/\/www.progen.org\/es\/servicios\/gestion-de-los-cuidados\/"]}]},{"@type":"BreadcrumbList","@id":"https:\/\/www.progen.org\/es\/servicios\/gestion-de-los-cuidados\/#breadcrumb","itemListElement":[{"@type":"ListItem","position":1,"name":"Home","item":"https:\/\/www.progen.org\/es\/"},{"@type":"ListItem","position":2,"name":"Servicios","item":"https:\/\/www.progen.org\/es\/servicios\/"},{"@type":"ListItem","position":3,"name":"Gesti\u00f3n de los cuidados"}]},{"@type":"WebSite","@id":"https:\/\/www.progen.org\/#website","url":"https:\/\/www.progen.org\/","name":"Progen Care","description":"Connecting Children With The Best  Possible Care","publisher":{"@id":"https:\/\/www.progen.org\/#organization"},"potentialAction":[{"@type":"SearchAction","target":{"@type":"EntryPoint","urlTemplate":"https:\/\/www.progen.org\/?s={search_term_string}"},"query-input":"required name=search_term_string"}],"inLanguage":"es-ES"},{"@type":"Organization","@id":"https:\/\/www.progen.org\/#organization","name":"Progen Care","url":"https:\/\/www.progen.org\/","logo":{"@type":"ImageObject","inLanguage":"es-ES","@id":"https:\/\/www.progen.org\/#\/schema\/logo\/image\/","url":"https:\/\/www.progen.org\/wp-content\/uploads\/2023\/01\/logo.png","contentUrl":"https:\/\/www.progen.org\/wp-content\/uploads\/2023\/01\/logo.png","width":242,"height":83,"caption":"Progen Care"},"image":{"@id":"https:\/\/www.progen.org\/#\/schema\/logo\/image\/"},"sameAs":["https:\/\/www.facebook.com\/progencare\/","https:\/\/www.instagram.com\/progencare\/","https:\/\/www.linkedin.com\/company\/progencare\/"]}]}},"_links":{"self":[{"href":"https:\/\/www.progen.org\/es\/wp-json\/wp\/v2\/pages\/1176"}],"collection":[{"href":"https:\/\/www.progen.org\/es\/wp-json\/wp\/v2\/pages"}],"about":[{"href":"https:\/\/www.progen.org\/es\/wp-json\/wp\/v2\/types\/page"}],"author":[{"embeddable":true,"href":"https:\/\/www.progen.org\/es\/wp-json\/wp\/v2\/users\/1"}],"replies":[{"embeddable":true,"href":"https:\/\/www.progen.org\/es\/wp-json\/wp\/v2\/comments?post=1176"}],"version-history":[{"count":5,"href":"https:\/\/www.progen.org\/es\/wp-json\/wp\/v2\/pages\/1176\/revisions"}],"predecessor-version":[{"id":1661,"href":"https:\/\/www.progen.org\/es\/wp-json\/wp\/v2\/pages\/1176\/revisions\/1661"}],"up":[{"embeddable":true,"href":"https:\/\/www.progen.org\/es\/wp-json\/wp\/v2\/pages\/1178"}],"wp:attachment":[{"href":"https:\/\/www.progen.org\/es\/wp-json\/wp\/v2\/media?parent=1176"}],"curies":[{"name":"wp","href":"https:\/\/api.w.org\/{rel}","templated":true}]}}