{"id":1200,"date":"2023-01-24T08:15:07","date_gmt":"2023-01-24T08:15:07","guid":{"rendered":"https:\/\/www.progen.org\/contacto\/"},"modified":"2023-06-19T14:26:23","modified_gmt":"2023-06-19T14:26:23","slug":"contacto","status":"publish","type":"page","link":"https:\/\/www.progen.org\/es\/contacto\/","title":{"rendered":"Contacto"},"content":{"rendered":"<section class=\"wpb-content-wrapper\"><p>[vc_section el_id=&#8221;contact-section_0&#8243; el_class=&#8221;bg-size-cover bg-no-repeat bg-center&#8221; css=&#8221;.vc_custom_1674548104073{background-image: url(https:\/\/www.progen.org\/wp-content\/uploads\/2023\/01\/services-section_0-bg.png?id=122) !important;}&#8221;][vc_row][vc_column][vc_empty_space height=&#8221;80px&#8221;][vc_row_inner el_class=&#8221;row no-padding-vc&#8221;][vc_column_inner][vc_column_text el_class=&#8221;large-text-left text-center&#8221;]<\/p>\n<h1 class=\"page-heading font-color-white no-margin-bottom\">Contacto<\/h1>\n<p>[\/vc_column_text][\/vc_column_inner][\/vc_row_inner][vc_empty_space height=&#8221;180px&#8221;][\/vc_column][\/vc_row][\/vc_section][vc_section el_id=&#8221;contact-section_1&#8243; css=&#8221;.vc_custom_1674555892981{border-bottom-width: 1px !important;border-bottom-color: #00bff2 !important;border-bottom-style: solid !important;}&#8221;][vc_row][vc_column][vc_empty_space height=&#8221;90px&#8221; el_class=&#8221;show-for-large&#8221;][vc_empty_space height=&#8221;45px&#8221; el_class=&#8221;hide-for-large&#8221;][vc_row_inner el_class=&#8221;row no-padding-vc&#8221;][vc_column_inner el_class=&#8221;columns small-12 large-8 large-offset-2&#8243;][vc_column_text el_class=&#8221;text-center&#8221;]<\/p>\n<h2 class=\"margin-bottom-1point5rem\">\u00bfListo para capacitar a su hijo?<\/h2>\n<p class=\"margin-bottom-0\">Progen Care est\u00e1 aqu\u00ed para capacitarle a usted y a su hijo para una vida de crecimiento y \u00e9xito. Si est\u00e1 preparado para obtener m\u00e1s informaci\u00f3n sobre c\u00f3mo podemos ayudar a su hijo a superar sus retos cotidianos y empezar a disfrutar de la mejor vida posible, p\u00f3ngase en contacto con nosotros hoy mismo. Estamos aqu\u00ed para ayudarle.<\/p>\n<p>[\/vc_column_text][\/vc_column_inner][\/vc_row_inner][vc_empty_space height=&#8221;90px&#8221; el_class=&#8221;show-for-large&#8221;][vc_empty_space height=&#8221;45px&#8221; el_class=&#8221;hide-for-large&#8221;][vc_row_inner el_class=&#8221;row no-padding-vc&#8221;][vc_column_inner el_class=&#8221;border-secondary-light-right&#8221; width=&#8221;1\/3&#8243;][vc_column_text el_class=&#8221;text-center&#8221;]<\/p>\n<p class=\"margin-bottom-1point5rem\"><img decoding=\"async\" class=\"alignnone size-full wp-image-198\" src=\"https:\/\/www.progen.org\/wp-content\/uploads\/2023\/01\/contact-section_1-icon_1.png\" alt=\"\" width=\"11%\" height=\"68\"><\/p>\n<h3 class=\"margin-bottom-2point5rem\">Ubicaci\u00f3n<\/h3>\n<p class=\"no-margin-bottom remove-br\">30-10 41st Ave.<br \/>\nQueens, NY, 11101<\/p>\n<p>[\/vc_column_text][vc_empty_space height=&#8221;24px&#8221; el_class=&#8221;hide-for-large&#8221;][\/vc_column_inner][vc_column_inner el_class=&#8221;border-secondary-light-right&#8221; width=&#8221;1\/3&#8243;][vc_column_text el_class=&#8221;text-center&#8221;]<\/p>\n<p class=\"margin-bottom-1point5rem\"><img decoding=\"async\" class=\"alignnone size-full wp-image-198\" src=\"https:\/\/www.progen.org\/wp-content\/uploads\/2023\/01\/contact-section_1-icon_2.png\" alt=\"\" width=\"8%\" height=\"68\"><\/p>\n<h3 class=\"margin-bottom-2point5rem\">Tel\u00e9fono<\/h3>\n<p class=\"no-margin-bottom\"><a href=\"tel:7187994400\">718-799-4400<\/a><\/p>\n<p>[\/vc_column_text][vc_empty_space height=&#8221;24px&#8221; el_class=&#8221;hide-for-large&#8221;][\/vc_column_inner][vc_column_inner width=&#8221;1\/3&#8243;][vc_column_text el_class=&#8221;text-center&#8221;]<\/p>\n<p class=\"margin-bottom-1point5rem\"><img decoding=\"async\" class=\"alignnone size-full wp-image-198\" src=\"https:\/\/www.progen.org\/wp-content\/uploads\/2023\/01\/contact-section_1-icon_3.png\" alt=\"\" width=\"13%\" height=\"68\"><\/p>\n<h3 class=\"margin-bottom-2point5rem\">Env\u00ede un correo electr\u00f3nico a<\/h3>\n<p class=\"no-margin-bottom\"><a href=\"mailto:info@progen.org\">info@progen.org<\/a><\/p>\n<p>[\/vc_column_text][\/vc_column_inner][\/vc_row_inner][vc_empty_space height=&#8221;90px&#8221; el_class=&#8221;show-for-large&#8221;][vc_empty_space height=&#8221;45px&#8221; el_class=&#8221;hide-for-large&#8221;][\/vc_column][\/vc_row][\/vc_section][vc_section el_id=&#8221;contact-section_2&#8243; el_class=&#8221;bg-color-secondary-light-gradient&#8221;][vc_row][vc_column][vc_empty_space height=&#8221;90px&#8221; el_class=&#8221;show-for-large&#8221;][vc_empty_space height=&#8221;45px&#8221; el_class=&#8221;hide-for-large&#8221;][vc_row_inner el_class=&#8221;row no-padding-vc&#8221;][vc_column_inner el_class=&#8221;columns small-12 large-8 large-offset-2&#8243;][vc_column_text el_class=&#8221;text-center&#8221;]<\/p>\n<h2 class=\"margin-bottom-1point5rem\">D\u00f3nde encontrarnos<\/h2>\n<p class=\"margin-bottom-0\">Estamos en  <a class=\"\" href=\"https:\/\/goo.gl\/maps\/ncdEB1s2AU3jHPQd7\" target=\"_blank\" rel=\"noopener\">30-10 41st Ave. Queens, NY, 11101<\/a>. Es f\u00e1cil llegar en coche, ya que hay mucho aparcamiento en los alrededores. Tambi\u00e9n estamos convenientemente situados cerca de varias opciones de transporte p\u00fablico. Sea cual sea la forma que elija para visitarnos, estamos deseando darle la bienvenida y ayudarle a aprovechar al m\u00e1ximo su tiempo con nosotros.<\/p>\n<p>[\/vc_column_text][\/vc_column_inner][\/vc_row_inner][vc_empty_space height=&#8221;90px&#8221; el_class=&#8221;show-for-large&#8221;][vc_empty_space height=&#8221;45px&#8221; el_class=&#8221;hide-for-large&#8221;][vc_row_inner el_class=&#8221;row expanded collapse no-padding-vc no-foundation-vc&#8221;][vc_column_inner][vc_raw_html]PGRpdiBjbGFzcz0iIiBzdHlsZT0ib3ZlcmZsb3c6aGlkZGVuO21pbi1oZWlnaHQ6NDgwcHg7d2lkdGg6MTAwJTtiYWNrZ3JvdW5kLWNvbG9yOiMxOTFiMWU7Ij4KCQkJCQkJCTxkaXYgaWQ9ImdtYXAiIHN0eWxlPSJtaW4taGVpZ2h0OjQ4MHB4O3dpZHRoOjEwMCU7YmFja2dyb3VuZC1jb2xvcjojMTkxYjFlOyI+PC9kaXY+CgkJCQkJCQk8c3R5bGU+I2dtYXAge291dGxpbmU7IG5vbmU7fSAjZ21hcCBpbWd7bWF4LXdpZHRoOm5vbmUhaW1wb3J0YW50O2JhY2tncm91bmQ6bm9uZSFpbXBvcnRhbnR9PC9zdHlsZT4KCQkJCQkJPC9kaXY+[\/vc_raw_html][vc_raw_js]JTNDc2NyaXB0JTIwdHlwZSUzRCUyMnRleHQlMkZqYXZhc2NyaXB0JTIyJTNFJTBBJTIwJTIwJTIwJTIwZnVuY3Rpb24lMjBpbml0X21hcCUyOCUyOSUyMCU3QiUwQSUyMCUyMCUyMCUyMCUyMCUyMCUyMCUyMHZhciUyMG15T3B0aW9ucyUyMCUzRCUyMCU3QiUwQSUyMCUyMCUyMCUyMCUyMCUyMCUyMCUyMCUyMCUyMCUyMCUyMHpvb20lM0ElMjAxNiUyQyUwQSUyMCUyMCUyMCUyMCUyMCUyMCUyMCUyMCUyMCUyMCUyMCUyMGNlbnRlciUzQSUyMG5ldyUyMGdvb2dsZS5tYXBzLkxhdExuZyUyODQwLjc0OTQ0NDQ2NDU3MDU0NCUyQyUyMC03My45MzU3ODA4ODg3MzgxNCUyOSUyQyUwQSUyMCUyMCUyMCUyMCUyMCUyMCUyMCUyMCUyMCUyMCUyMCUyMHN0eWxlcyUzQSUyMG1hcFN0eWxlcyUyOCUyOSUyQyUwQSUyMCUyMCUyMCUyMCUyMCUyMCUyMCUyMCUyMCUyMCUyMCUyMG1hcFR5cGVJZCUzQSUyMGdvb2dsZS5tYXBzLk1hcFR5cGVJZC5ST0FETUFQJTBBJTIwJTIwJTIwJTIwJTIwJTIwJTIwJTIwJTdEJTNCJTBBJTIwJTIwJTIwJTIwJTIwJTIwJTIwJTIwbWFwJTIwJTNEJTIwbmV3JTIwZ29vZ2xlLm1hcHMuTWFwJTI4ZG9jdW1lbnQuZ2V0RWxlbWVudEJ5SWQlMjglMjdnbWFwJTI3JTI5JTJDJTIwbXlPcHRpb25zJTI5JTNCJTBBJTIwJTIwJTIwJTIwJTIwJTIwJTIwJTIwdmFyJTIwaW5mb3dpbmRvdyUyMCUzRCUyMG5ldyUyMGdvb2dsZS5tYXBzLkluZm9XaW5kb3clMjglN0IlN0QlMjklM0IlMEElMjAlMjAlMjAlMjAlMjAlMjAlMjAlMjB2YXIlMjBtYXJrZXIlMkMlMjBjb3VudCUzQiUwQSUwQSUyMCUyMCUyMCUyMCUyMCUyMCUyMCUyMG1hcmtlciUyMCUzRCUyMG5ldyUyMGdvb2dsZS5tYXBzLk1hcmtlciUyOCU3QiUwQSUyMCUyMCUyMCUyMCUyMCUyMCUyMCUyMCUyMCUyMCUyMCUyMHBvc2l0aW9uJTNBJTIwbmV3JTIwZ29vZ2xlLm1hcHMuTGF0TG5nJTI4NDAuNzQ5NDQ0NDY0NTcwNTQ0JTJDJTIwLTczLjkzNTc4MDg4ODczODE0JTI5JTJDJTBBJTIwJTIwJTIwJTIwJTIwJTIwJTIwJTIwJTIwJTIwJTIwJTIwbWFwJTNBJTIwbWFwJTJDJTBBJTIwJTIwJTIwJTIwJTIwJTIwJTIwJTIwJTIwJTIwJTIwJTIwaWNvbiUzQSUyMCUyNyUyRndwLWNvbnRlbnQlMkZ1cGxvYWRzJTJGMjAyMyUyRjAxJTJGbG9jYXRpb24taWNvbi5wbmclMjclMkMlMEElMjAlMjAlMjAlMjAlMjAlMjAlMjAlMjAlMjAlMjAlMjAlMjB0aXRsZSUzQSUyMCUyN1Byb2dlbiUyMFVTQSUyNyUwQSUyMCUyMCUyMCUyMCUyMCUyMCUyMCUyMCU3RCUyOSUzQiUwQSUyMCUyMCUyMCUyMCUyMCUyMCUyMCUyMGdvb2dsZS5tYXBzLmV2ZW50LmFkZExpc3RlbmVyJTI4bWFya2VyJTJDJTIwJTI3Y2xpY2slMjclMkMlMjAlMjhmdW5jdGlvbiUyMCUyOG1hcmtlciUyOSUyMCU3QiUwQSUyMCUyMCUyMCUyMCUyMCUyMCUyMCUyMCUyMCUyMCUyMCUyMHJldHVybiUyMGZ1bmN0aW9uJTIwJTI4JTI5JTIwJTdCJTBBJTIwJTIwJTIwJTIwJTIwJTIwJTIwJTIwJTIwJTIwJTIwJTIwJTIwJTIwJTIwJTIwaW5mb3dpbmRvdy5zZXRDb250ZW50JTI4JTBBJTIwJTIwJTIwJTIwJTIwJTIwJTIwJTIwJTIwJTIwJTIwJTIwJTIwJTIwJTIwJTIwJTIwJTIwJTIwJTIwJTI3JTNDcCUyMGNsYXNzJTNEJTIyJTIyJTIwc3R5bGUlM0QlMjJmb250LXNpemUlM0ElMjAxcmVtJTNCJTIyJTNFJTNDYiUzRVBST0dFTiUyMFVTQSUzQyUyRmIlM0UlMjAlM0NiciUzRSUyMDMwLTEwJTIwNDFzdCUyMEF2ZS4lM0NiciUzRSUyMCUyMFF1ZWVucyUyQyUyME5ZJTJDJTIwMTExMDElM0MlMkZwJTNFJTIwJTNDYSUyMGhyZWYlM0QlMjJodHRwcyUzQSUyRiUyRmdvby5nbCUyRm1hcHMlMkZuY2RFQjFzMkFVM2pIUFFkNyUyMiUyMHRhcmdldCUzRCUyMl9ibGFuayUyMiUzRSUzQ3NwYW4lMjBjbGFzcyUzRCUyMmFsdC1wcmltYXJ5JTIwZm9udC1ib2xkJTIwbm8tbWFyZ2luLWJvdHRvbSUyMiUyMHN0eWxlJTNEJTIyZm9udC1zaXplJTNBJTIwMXJlbSUzQiUyMiUzRUdldCUyMERpcmVjdGlvbiUzQyUyRnNwYW4lM0UlM0MlMkZhJTNFJTI3JTBBJTIwJTIwJTIwJTIwJTIwJTIwJTIwJTIwJTIwJTIwJTIwJTIwJTIwJTIwJTIwJTIwJTIwJTIwJTIwJTIwJTI5JTNCJTBBJTIwJTIwJTIwJTIwJTIwJTIwJTIwJTIwJTIwJTIwJTIwJTIwJTIwJTIwJTIwJTIwaW5mb3dpbmRvdy5vcGVuJTI4bWFwJTJDJTIwbWFya2VyJTI5JTNCJTBBJTIwJTIwJTIwJTIwJTIwJTIwJTIwJTIwJTIwJTIwJTIwJTIwJTdEJTBBJTIwJTIwJTIwJTIwJTIwJTIwJTIwJTIwJTdEJTI5JTI4bWFya2VyJTJDJTIwMCUyOSUyOSUzQiUwQSUwQSUyMCUyMCUyMCUyMCU3RCUwQSUyMCUyMCUyMCUyMGdvb2dsZS5tYXBzLmV2ZW50LmFkZERvbUxpc3RlbmVyJTI4d2luZG93JTJDJTIwJTI3bG9hZCUyNyUyQyUyMGluaXRfbWFwJTI5JTNCJTBBJTNDJTJGc2NyaXB0JTNF[\/vc_raw_js][\/vc_column_inner][\/vc_row_inner][\/vc_column][\/vc_row][\/vc_section]<\/p>\n<\/section>","protected":false},"excerpt":{"rendered":"<p>[vc_section el_id=&#8221;contact-section_0&#8243; el_class=&#8221;bg-size-cover bg-no-repeat bg-center&#8221; css=&#8221;.vc_custom_1674548104073{background-image: url(https:\/\/www.progen.org\/wp-content\/uploads\/2023\/01\/services-section_0-bg.png?id=122) !important;}&#8221;][vc_row][vc_column][vc_empty_space height=&#8221;80px&#8221;][vc_row_inner el_class=&#8221;row no-padding-vc&#8221;][vc_column_inner][vc_column_text el_class=&#8221;large-text-left text-center&#8221;] Contacto [\/vc_column_text][\/vc_column_inner][\/vc_row_inner][vc_empty_space height=&#8221;180px&#8221;][\/vc_column][\/vc_row][\/vc_section][vc_section el_id=&#8221;contact-section_1&#8243; css=&#8221;.vc_custom_1674555892981{border-bottom-width: 1px !important;border-bottom-color: #00bff2 !important;border-bottom-style: solid !important;}&#8221;][vc_row][vc_column][vc_empty_space height=&#8221;90px&#8221; el_class=&#8221;show-for-large&#8221;][vc_empty_space height=&#8221;45px&#8221; el_class=&#8221;hide-for-large&#8221;][vc_row_inner el_class=&#8221;row no-padding-vc&#8221;][vc_column_inner el_class=&#8221;columns small-12 large-8 large-offset-2&#8243;][vc_column_text el_class=&#8221;text-center&#8221;] \u00bfListo para capacitar a su hijo? Progen Care est\u00e1 aqu\u00ed para capacitarle a usted y a su hijo para una<a class=\"excerpt-read-more\" href=\"https:\/\/www.progen.org\/es\/contacto\/\" title=\"LeerContacto\">&#8230; Leer m\u00e1s &#8220;<\/a><\/p>\n","protected":false},"author":1,"featured_media":0,"parent":0,"menu_order":0,"comment_status":"closed","ping_status":"closed","template":"template-visual-builder.php","meta":{"inline_featured_image":false,"footnotes":""},"yoast_head":"<!-- This site is optimized with the Yoast SEO plugin v21.6 - https:\/\/yoast.com\/wordpress\/plugins\/seo\/ -->\n<title>Contacto - Progen Care<\/title>\n<meta name=\"robots\" content=\"index, follow, max-snippet:-1, max-image-preview:large, max-video-preview:-1\" \/>\n<link rel=\"canonical\" href=\"https:\/\/www.progen.org\/es\/contacto\/\" \/>\n<meta property=\"og:locale\" content=\"es_ES\" \/>\n<meta property=\"og:type\" content=\"article\" \/>\n<meta property=\"og:title\" content=\"Contacto - Progen Care\" \/>\n<meta property=\"og:description\" content=\"[vc_section el_id=&#8221;contact-section_0&#8243; el_class=&#8221;bg-size-cover bg-no-repeat bg-center&#8221; css=&#8221;.vc_custom_1674548104073{background-image: url(https:\/\/www.progen.org\/wp-content\/uploads\/2023\/01\/services-section_0-bg.png?id=122) !important;}&#8221;][vc_row][vc_column][vc_empty_space height=&#8221;80px&#8221;][vc_row_inner el_class=&#8221;row no-padding-vc&#8221;][vc_column_inner][vc_column_text el_class=&#8221;large-text-left text-center&#8221;] Contacto [\/vc_column_text][\/vc_column_inner][\/vc_row_inner][vc_empty_space height=&#8221;180px&#8221;][\/vc_column][\/vc_row][\/vc_section][vc_section el_id=&#8221;contact-section_1&#8243; css=&#8221;.vc_custom_1674555892981{border-bottom-width: 1px !important;border-bottom-color: #00bff2 !important;border-bottom-style: solid !important;}&#8221;][vc_row][vc_column][vc_empty_space height=&#8221;90px&#8221; el_class=&#8221;show-for-large&#8221;][vc_empty_space height=&#8221;45px&#8221; el_class=&#8221;hide-for-large&#8221;][vc_row_inner el_class=&#8221;row no-padding-vc&#8221;][vc_column_inner el_class=&#8221;columns small-12 large-8 large-offset-2&#8243;][vc_column_text el_class=&#8221;text-center&#8221;] \u00bfListo para capacitar a su hijo? Progen Care est\u00e1 aqu\u00ed para capacitarle a usted y a su hijo para una... Leer m\u00e1s &quot;\" \/>\n<meta property=\"og:url\" content=\"https:\/\/www.progen.org\/es\/contacto\/\" \/>\n<meta property=\"og:site_name\" content=\"Progen Care\" \/>\n<meta property=\"article:publisher\" content=\"https:\/\/www.facebook.com\/progencare\/\" \/>\n<meta property=\"article:modified_time\" content=\"2023-06-19T14:26:23+00:00\" \/>\n<meta property=\"og:image\" content=\"https:\/\/www.progen.org\/wp-content\/uploads\/2023\/01\/contact-section_1-icon_1.png\" \/>\n<meta name=\"twitter:card\" content=\"summary_large_image\" \/>\n<meta name=\"twitter:label1\" content=\"Est. reading time\" \/>\n\t<meta name=\"twitter:data1\" content=\"2 minutes\" \/>\n<script type=\"application\/ld+json\" class=\"yoast-schema-graph\">{\"@context\":\"https:\/\/schema.org\",\"@graph\":[{\"@type\":\"WebPage\",\"@id\":\"https:\/\/www.progen.org\/es\/contacto\/\",\"url\":\"https:\/\/www.progen.org\/es\/contacto\/\",\"name\":\"Contacto - Progen Care\",\"isPartOf\":{\"@id\":\"https:\/\/www.progen.org\/#website\"},\"datePublished\":\"2023-01-24T08:15:07+00:00\",\"dateModified\":\"2023-06-19T14:26:23+00:00\",\"breadcrumb\":{\"@id\":\"https:\/\/www.progen.org\/es\/contacto\/#breadcrumb\"},\"inLanguage\":\"es-ES\",\"potentialAction\":[{\"@type\":\"ReadAction\",\"target\":[\"https:\/\/www.progen.org\/es\/contacto\/\"]}]},{\"@type\":\"BreadcrumbList\",\"@id\":\"https:\/\/www.progen.org\/es\/contacto\/#breadcrumb\",\"itemListElement\":[{\"@type\":\"ListItem\",\"position\":1,\"name\":\"Home\",\"item\":\"https:\/\/www.progen.org\/es\/\"},{\"@type\":\"ListItem\",\"position\":2,\"name\":\"Contacto\"}]},{\"@type\":\"WebSite\",\"@id\":\"https:\/\/www.progen.org\/#website\",\"url\":\"https:\/\/www.progen.org\/\",\"name\":\"Progen Care\",\"description\":\"Connecting Children With The Best  Possible Care\",\"publisher\":{\"@id\":\"https:\/\/www.progen.org\/#organization\"},\"potentialAction\":[{\"@type\":\"SearchAction\",\"target\":{\"@type\":\"EntryPoint\",\"urlTemplate\":\"https:\/\/www.progen.org\/?s={search_term_string}\"},\"query-input\":\"required name=search_term_string\"}],\"inLanguage\":\"es-ES\"},{\"@type\":\"Organization\",\"@id\":\"https:\/\/www.progen.org\/#organization\",\"name\":\"Progen Care\",\"url\":\"https:\/\/www.progen.org\/\",\"logo\":{\"@type\":\"ImageObject\",\"inLanguage\":\"es-ES\",\"@id\":\"https:\/\/www.progen.org\/#\/schema\/logo\/image\/\",\"url\":\"https:\/\/www.progen.org\/wp-content\/uploads\/2023\/01\/logo.png\",\"contentUrl\":\"https:\/\/www.progen.org\/wp-content\/uploads\/2023\/01\/logo.png\",\"width\":242,\"height\":83,\"caption\":\"Progen Care\"},\"image\":{\"@id\":\"https:\/\/www.progen.org\/#\/schema\/logo\/image\/\"},\"sameAs\":[\"https:\/\/www.facebook.com\/progencare\/\",\"https:\/\/www.instagram.com\/progencare\/\",\"https:\/\/www.linkedin.com\/company\/progencare\/\"]}]}<\/script>\n<!-- \/ Yoast SEO plugin. -->","yoast_head_json":{"title":"Contacto - Progen Care","robots":{"index":"index","follow":"follow","max-snippet":"max-snippet:-1","max-image-preview":"max-image-preview:large","max-video-preview":"max-video-preview:-1"},"canonical":"https:\/\/www.progen.org\/es\/contacto\/","og_locale":"es_ES","og_type":"article","og_title":"Contacto - Progen Care","og_description":"[vc_section el_id=&#8221;contact-section_0&#8243; el_class=&#8221;bg-size-cover bg-no-repeat bg-center&#8221; css=&#8221;.vc_custom_1674548104073{background-image: url(https:\/\/www.progen.org\/wp-content\/uploads\/2023\/01\/services-section_0-bg.png?id=122) !important;}&#8221;][vc_row][vc_column][vc_empty_space height=&#8221;80px&#8221;][vc_row_inner el_class=&#8221;row no-padding-vc&#8221;][vc_column_inner][vc_column_text el_class=&#8221;large-text-left text-center&#8221;] Contacto [\/vc_column_text][\/vc_column_inner][\/vc_row_inner][vc_empty_space height=&#8221;180px&#8221;][\/vc_column][\/vc_row][\/vc_section][vc_section el_id=&#8221;contact-section_1&#8243; css=&#8221;.vc_custom_1674555892981{border-bottom-width: 1px !important;border-bottom-color: #00bff2 !important;border-bottom-style: solid !important;}&#8221;][vc_row][vc_column][vc_empty_space height=&#8221;90px&#8221; el_class=&#8221;show-for-large&#8221;][vc_empty_space height=&#8221;45px&#8221; el_class=&#8221;hide-for-large&#8221;][vc_row_inner el_class=&#8221;row no-padding-vc&#8221;][vc_column_inner el_class=&#8221;columns small-12 large-8 large-offset-2&#8243;][vc_column_text el_class=&#8221;text-center&#8221;] \u00bfListo para capacitar a su hijo? Progen Care est\u00e1 aqu\u00ed para capacitarle a usted y a su hijo para una... Leer m\u00e1s \"","og_url":"https:\/\/www.progen.org\/es\/contacto\/","og_site_name":"Progen Care","article_publisher":"https:\/\/www.facebook.com\/progencare\/","article_modified_time":"2023-06-19T14:26:23+00:00","og_image":[{"url":"https:\/\/www.progen.org\/wp-content\/uploads\/2023\/01\/contact-section_1-icon_1.png"}],"twitter_card":"summary_large_image","twitter_misc":{"Est. reading time":"2 minutes"},"schema":{"@context":"https:\/\/schema.org","@graph":[{"@type":"WebPage","@id":"https:\/\/www.progen.org\/es\/contacto\/","url":"https:\/\/www.progen.org\/es\/contacto\/","name":"Contacto - Progen Care","isPartOf":{"@id":"https:\/\/www.progen.org\/#website"},"datePublished":"2023-01-24T08:15:07+00:00","dateModified":"2023-06-19T14:26:23+00:00","breadcrumb":{"@id":"https:\/\/www.progen.org\/es\/contacto\/#breadcrumb"},"inLanguage":"es-ES","potentialAction":[{"@type":"ReadAction","target":["https:\/\/www.progen.org\/es\/contacto\/"]}]},{"@type":"BreadcrumbList","@id":"https:\/\/www.progen.org\/es\/contacto\/#breadcrumb","itemListElement":[{"@type":"ListItem","position":1,"name":"Home","item":"https:\/\/www.progen.org\/es\/"},{"@type":"ListItem","position":2,"name":"Contacto"}]},{"@type":"WebSite","@id":"https:\/\/www.progen.org\/#website","url":"https:\/\/www.progen.org\/","name":"Progen Care","description":"Connecting Children With The Best  Possible Care","publisher":{"@id":"https:\/\/www.progen.org\/#organization"},"potentialAction":[{"@type":"SearchAction","target":{"@type":"EntryPoint","urlTemplate":"https:\/\/www.progen.org\/?s={search_term_string}"},"query-input":"required name=search_term_string"}],"inLanguage":"es-ES"},{"@type":"Organization","@id":"https:\/\/www.progen.org\/#organization","name":"Progen Care","url":"https:\/\/www.progen.org\/","logo":{"@type":"ImageObject","inLanguage":"es-ES","@id":"https:\/\/www.progen.org\/#\/schema\/logo\/image\/","url":"https:\/\/www.progen.org\/wp-content\/uploads\/2023\/01\/logo.png","contentUrl":"https:\/\/www.progen.org\/wp-content\/uploads\/2023\/01\/logo.png","width":242,"height":83,"caption":"Progen Care"},"image":{"@id":"https:\/\/www.progen.org\/#\/schema\/logo\/image\/"},"sameAs":["https:\/\/www.facebook.com\/progencare\/","https:\/\/www.instagram.com\/progencare\/","https:\/\/www.linkedin.com\/company\/progencare\/"]}]}},"_links":{"self":[{"href":"https:\/\/www.progen.org\/es\/wp-json\/wp\/v2\/pages\/1200"}],"collection":[{"href":"https:\/\/www.progen.org\/es\/wp-json\/wp\/v2\/pages"}],"about":[{"href":"https:\/\/www.progen.org\/es\/wp-json\/wp\/v2\/types\/page"}],"author":[{"embeddable":true,"href":"https:\/\/www.progen.org\/es\/wp-json\/wp\/v2\/users\/1"}],"replies":[{"embeddable":true,"href":"https:\/\/www.progen.org\/es\/wp-json\/wp\/v2\/comments?post=1200"}],"version-history":[{"count":3,"href":"https:\/\/www.progen.org\/es\/wp-json\/wp\/v2\/pages\/1200\/revisions"}],"predecessor-version":[{"id":1214,"href":"https:\/\/www.progen.org\/es\/wp-json\/wp\/v2\/pages\/1200\/revisions\/1214"}],"wp:attachment":[{"href":"https:\/\/www.progen.org\/es\/wp-json\/wp\/v2\/media?parent=1200"}],"curies":[{"name":"wp","href":"https:\/\/api.w.org\/{rel}","templated":true}]}}