{"id":1277,"date":"2023-01-24T11:04:23","date_gmt":"2023-01-24T11:04:23","guid":{"rendered":"https:\/\/www.progen.org\/recursos-de-medicaid\/"},"modified":"2023-07-18T23:03:40","modified_gmt":"2023-07-18T23:03:40","slug":"recursos-de-medicaid","status":"publish","type":"page","link":"https:\/\/www.progen.org\/es\/recursos-de-medicaid\/","title":{"rendered":"Recursos de Medicaid"},"content":{"rendered":"<section class=\"wpb-content-wrapper\"><p>[vc_section el_id=&#8221;medicaid-resources-section_0&#8243; el_class=&#8221;bg-size-cover bg-no-repeat bg-center&#8221; css=&#8221;.vc_custom_1674558190984{background-image: url(https:\/\/www.progen.org\/wp-content\/uploads\/2023\/01\/services-section_0-bg.png?id=122) !important;}&#8221;][vc_row][vc_column][vc_empty_space height=&#8221;80px&#8221;][vc_row_inner el_class=&#8221;row no-padding-vc&#8221;][vc_column_inner][vc_column_text el_class=&#8221;large-text-left text-center&#8221;]<\/p>\n<h1 class=\"page-heading font-color-white no-margin-bottom\">Recursos de Medicaid<\/h1>\n<p>[\/vc_column_text][\/vc_column_inner][\/vc_row_inner][vc_empty_space height=&#8221;180px&#8221;][\/vc_column][\/vc_row][\/vc_section][vc_section el_id=&#8221;medicaid-resources-section_1&#8243;][vc_row][vc_column][vc_empty_space height=&#8221;90px&#8221; el_class=&#8221;show-for-large&#8221;][vc_empty_space height=&#8221;45px&#8221; el_class=&#8221;hide-for-large&#8221;][vc_row_inner equal_height=&#8221;yes&#8221; content_placement=&#8221;middle&#8221; el_class=&#8221;row no-padding-vc&#8221;][vc_column_inner el_class=&#8221;columns small-12 large-8 large-offset-2&#8243;][vc_column_text el_class=&#8221;text-center&#8221;]<\/p>\n<h2 class=\"margin-bottom-1point5rem\">Acerca de Medicaid<\/h2>\n<p class=\"margin-bottom-0\">Calificar para Medicaid hace que muchos servicios y recursos de salud est\u00e9n disponibles para tu familia y tu hijo GRATIS. Para ver si puedes ser elegible para Medicaid, puedes usar la informaci\u00f3n de contacto a continuaci\u00f3n. Y no lo olvides: \u00a1estamos aqu\u00ed para guiarte a trav\u00e9s de todo el proceso!<\/p>\n<p>[\/vc_column_text][\/vc_column_inner][\/vc_row_inner][vc_empty_space height=&#8221;90px&#8221; el_class=&#8221;show-for-large&#8221;][vc_empty_space height=&#8221;45px&#8221; el_class=&#8221;hide-for-large&#8221;][vc_row_inner equal_height=&#8221;yes&#8221; content_placement=&#8221;middle&#8221; el_class=&#8221;row no-padding-vc expanded&#8221;][vc_column_inner el_class=&#8221;large-order-1 no-padding&#8221; width=&#8221;1\/2&#8243;][vc_raw_html]PGRpdiBjbGFzcz0iIiBzdHlsZT0ib3ZlcmZsb3c6aGlkZGVuO21pbi1oZWlnaHQ6NDgwcHg7d2lkdGg6MTAwJTtiYWNrZ3JvdW5kLWNvbG9yOiMxOTFiMWU7Ij4KCQkJCQkJCTxkaXYgaWQ9ImdtYXAxIiBzdHlsZT0ibWluLWhlaWdodDo0ODBweDt3aWR0aDoxMDAlO2JhY2tncm91bmQtY29sb3I6IzE5MWIxZTsiPjwvZGl2PgoJCQkJCQkJPHN0eWxlPiNnbWFwIHtvdXRsaW5lOyBub25lO30gI2dtYXAgaW1ne21heC13aWR0aDpub25lIWltcG9ydGFudDtiYWNrZ3JvdW5kOm5vbmUhaW1wb3J0YW50fTwvc3R5bGU+CgkJCQkJCTwvZGl2Pg==[\/vc_raw_html][vc_raw_js]JTNDc2NyaXB0JTIwdHlwZSUzRCUyMnRleHQlMkZqYXZhc2NyaXB0JTIyJTNFJTBBJTIwJTIwJTIwJTIwZnVuY3Rpb24lMjBpbml0X21hcCUyOCUyOSUyMCU3QiUwQSUyMCUyMCUyMCUyMCUyMCUyMCUyMCUyMHZhciUyMG15T3B0aW9ucyUyMCUzRCUyMCU3QiUwQSUyMCUyMCUyMCUyMCUyMCUyMCUyMCUyMCUyMCUyMCUyMCUyMHpvb20lM0ElMjAxNiUyQyUwQSUyMCUyMCUyMCUyMCUyMCUyMCUyMCUyMCUyMCUyMCUyMCUyMGNlbnRlciUzQSUyMG5ldyUyMGdvb2dsZS5tYXBzLkxhdExuZyUyODQwLjc1MTk4MjMyMzU5MjQxNSUyQyUyMC03My45MzEzMzQyJTI5JTJDJTBBJTIwJTIwJTIwJTIwJTIwJTIwJTIwJTIwJTIwJTIwJTIwJTIwc3R5bGVzJTNBJTIwbWFwU3R5bGVzJTI4JTI5JTJDJTBBJTIwJTIwJTIwJTIwJTIwJTIwJTIwJTIwJTIwJTIwJTIwJTIwbWFwVHlwZUlkJTNBJTIwZ29vZ2xlLm1hcHMuTWFwVHlwZUlkLlJPQURNQVAlMEElMjAlMjAlMjAlMjAlMjAlMjAlMjAlMjAlN0QlM0IlMEElMjAlMjAlMjAlMjAlMjAlMjAlMjAlMjBtYXAlMjAlM0QlMjBuZXclMjBnb29nbGUubWFwcy5NYXAlMjhkb2N1bWVudC5nZXRFbGVtZW50QnlJZCUyOCUyN2dtYXAxJTI3JTI5JTJDJTIwbXlPcHRpb25zJTI5JTNCJTBBJTIwJTIwJTIwJTIwJTIwJTIwJTIwJTIwdmFyJTIwaW5mb3dpbmRvdyUyMCUzRCUyMG5ldyUyMGdvb2dsZS5tYXBzLkluZm9XaW5kb3clMjglN0IlN0QlMjklM0IlMEElMjAlMjAlMjAlMjAlMjAlMjAlMjAlMjB2YXIlMjBtYXJrZXIlMkMlMjBjb3VudCUzQiUwQSUwQSUyMCUyMCUyMCUyMCUyMCUyMCUyMCUyMG1hcmtlciUyMCUzRCUyMG5ldyUyMGdvb2dsZS5tYXBzLk1hcmtlciUyOCU3QiUwQSUyMCUyMCUyMCUyMCUyMCUyMCUyMCUyMCUyMCUyMCUyMCUyMHBvc2l0aW9uJTNBJTIwbmV3JTIwZ29vZ2xlLm1hcHMuTGF0TG5nJTI4NDAuNzUxOTgyMzIzNTkyNDE1JTJDJTIwLTczLjkzMTMzNDIlMjklMkMlMEElMjAlMjAlMjAlMjAlMjAlMjAlMjAlMjAlMjAlMjAlMjAlMjBtYXAlM0ElMjBtYXAlMkMlMEElMjAlMjAlMjAlMjAlMjAlMjAlMjAlMjAlMjAlMjAlMjAlMjBpY29uJTNBJTIwJTI3JTJGd3AtY29udGVudCUyRnVwbG9hZHMlMkYyMDIzJTJGMDElMkZsb2NhdGlvbi1pY29uLnBuZyUyNyUyQyUwQSUyMCUyMCUyMCUyMCUyMCUyMCUyMCUyMCUyMCUyMCUyMCUyMHRpdGxlJTNBJTIwJTI3UHJvZ2VuJTIwVVNBJTI3JTBBJTIwJTIwJTIwJTIwJTIwJTIwJTIwJTIwJTdEJTI5JTNCJTBBJTIwJTIwJTIwJTIwJTIwJTIwJTIwJTIwZ29vZ2xlLm1hcHMuZXZlbnQuYWRkTGlzdGVuZXIlMjhtYXJrZXIlMkMlMjAlMjdjbGljayUyNyUyQyUyMCUyOGZ1bmN0aW9uJTIwJTI4bWFya2VyJTI5JTIwJTdCJTBBJTIwJTIwJTIwJTIwJTIwJTIwJTIwJTIwJTIwJTIwJTIwJTIwcmV0dXJuJTIwZnVuY3Rpb24lMjAlMjglMjklMjAlN0IlMEElMjAlMjAlMjAlMjAlMjAlMjAlMjAlMjAlMjAlMjAlMjAlMjAlMjAlMjAlMjAlMjBpbmZvd2luZG93LnNldENvbnRlbnQlMjglMEElMjAlMjAlMjAlMjAlMjAlMjAlMjAlMjAlMjAlMjAlMjAlMjAlMjAlMjAlMjAlMjAlMjAlMjAlMjAlMjAlMjclM0NwJTIwY2xhc3MlM0QlMjIlMjIlMjBzdHlsZSUzRCUyMmZvbnQtc2l6ZSUzQSUyMDFyZW0lM0IlMjIlM0UlM0NiJTNFUFJPR0VOJTIwVVNBJTNDJTJGYiUzRSUyMCUzQ2JyJTNFJTIwMzItMjAlMjBOb3J0aGVybiUyMEJvdWxldmFyZCUyQyUyMDNyZCUyMEZsb29yJTNDYnIlM0UlMjBRdWVlbnMlMkMlMjBOWSUyMDExMTAxJTNDJTJGcCUzRSUyMCUzQ2ElMjBocmVmJTNEJTIyaHR0cHMlM0ElMkYlMkZnb28uZ2wlMkZtYXBzJTJGV0pKam84WFRGRFQzRWJFSjclMjIlMjB0YXJnZXQlM0QlMjJfYmxhbmslMjIlM0UlM0NzcGFuJTIwY2xhc3MlM0QlMjJhbHQtcHJpbWFyeSUyMGZvbnQtYm9sZCUyMG5vLW1hcmdpbi1ib3R0b20lMjIlMjBzdHlsZSUzRCUyMmZvbnQtc2l6ZSUzQSUyMDFyZW0lM0IlMjIlM0VHZXQlMjBEaXJlY3Rpb24lM0MlMkZzcGFuJTNFJTNDJTJGYSUzRSUyNyUwQSUyMCUyMCUyMCUyMCUyMCUyMCUyMCUyMCUyMCUyMCUyMCUyMCUyMCUyMCUyMCUyMCUyMCUyMCUyMCUyMCUyOSUzQiUwQSUyMCUyMCUyMCUyMCUyMCUyMCUyMCUyMCUyMCUyMCUyMCUyMCUyMCUyMCUyMCUyMGluZm93aW5kb3cub3BlbiUyOG1hcCUyQyUyMG1hcmtlciUyOSUzQiUwQSUyMCUyMCUyMCUyMCUyMCUyMCUyMCUyMCUyMCUyMCUyMCUyMCU3RCUwQSUyMCUyMCUyMCUyMCUyMCUyMCUyMCUyMCU3RCUyOSUyOG1hcmtlciUyQyUyMDAlMjklMjklM0IlMEElMEElMjAlMjAlMjAlMjAlN0QlMEElMjAlMjAlMjAlMjBnb29nbGUubWFwcy5ldmVudC5hZGREb21MaXN0ZW5lciUyOHdpbmRvdyUyQyUyMCUyN2xvYWQlMjclMkMlMjBpbml0X21hcCUyOSUzQiUwQSUzQyUyRnNjcmlwdCUzRQ==[\/vc_raw_js][\/vc_column_inner][vc_column_inner el_class=&#8221;no-padding bg-color-secondary-light large-order-0&#8243; width=&#8221;1\/2&#8243;][vc_empty_space height=&#8221;24px&#8221; el_class=&#8221;hide-for-large&#8221;][vc_column_text el_class=&#8221;text-center large-text-left extra-large-padding-left-for-large extra-large-padding-right-for-large&#8221;]<\/p>\n<h3 class=\"margin-bottom-2point5rem\">32-20 Northern Boulevard, 3\u00aa planta Queens, NY 11101<\/h3>\n<div class=\"margin-bottom-1point5rem\">\n<p class=\"show-inline no-margin-bottom\"><img loading=\"lazy\" decoding=\"async\" class=\"alignnone size-full wp-image-197\" src=\"\/wp-content\/uploads\/2023\/01\/contact-section_1-icon_2.png\" alt=\"\" width=\"32\" height=\"35\" \/><\/p>\n<p class=\"show-inline\"><a href=\"tel:7187846729\">(718) 784-6729<\/a><\/p>\n<\/div>\n<div class=\"no-margin-bottom\">\n<p class=\"show-inline no-margin-bottom\"><img loading=\"lazy\" decoding=\"async\" class=\"alignnone size-full wp-image-246\" src=\"\/wp-content\/uploads\/2023\/01\/medicaid-resources-section_1-icon_2.png\" alt=\"\" width=\"32\" height=\"35\" \/><\/p>\n<p class=\"show-inline\">Viernes: 8:30 &#8211; 17:00<\/p>\n<\/div>\n<p>[\/vc_column_text][vc_empty_space height=&#8221;24px&#8221; el_class=&#8221;hide-for-large&#8221;][\/vc_column_inner][\/vc_row_inner][vc_row_inner equal_height=&#8221;yes&#8221; content_placement=&#8221;middle&#8221; el_class=&#8221;row no-padding-vc expanded&#8221;][vc_column_inner el_class=&#8221;no-padding&#8221; width=&#8221;1\/2&#8243;][vc_raw_html]PGRpdiBjbGFzcz0iIiBzdHlsZT0ib3ZlcmZsb3c6aGlkZGVuO21pbi1oZWlnaHQ6NDgwcHg7d2lkdGg6MTAwJTtiYWNrZ3JvdW5kLWNvbG9yOiMxOTFiMWU7Ij4KCQkJCQkJCTxkaXYgaWQ9ImdtYXAyIiBzdHlsZT0ibWluLWhlaWdodDo0ODBweDt3aWR0aDoxMDAlO2JhY2tncm91bmQtY29sb3I6IzE5MWIxZTsiPjwvZGl2PgoJCQkJCQkJPHN0eWxlPiNnbWFwIHtvdXRsaW5lOyBub25lO30gI2dtYXAgaW1ne21heC13aWR0aDpub25lIWltcG9ydGFudDtiYWNrZ3JvdW5kOm5vbmUhaW1wb3J0YW50fTwvc3R5bGU+CgkJCQkJCTwvZGl2Pg==[\/vc_raw_html][vc_raw_js]JTNDc2NyaXB0JTIwdHlwZSUzRCUyMnRleHQlMkZqYXZhc2NyaXB0JTIyJTNFJTBBJTIwJTIwJTIwJTIwZnVuY3Rpb24lMjBpbml0X21hcCUyOCUyOSUyMCU3QiUwQSUyMCUyMCUyMCUyMCUyMCUyMCUyMCUyMHZhciUyMG15T3B0aW9ucyUyMCUzRCUyMCU3QiUwQSUyMCUyMCUyMCUyMCUyMCUyMCUyMCUyMCUyMCUyMCUyMCUyMHpvb20lM0ElMjAxNiUyQyUwQSUyMCUyMCUyMCUyMCUyMCUyMCUyMCUyMCUyMCUyMCUyMCUyMGNlbnRlciUzQSUyMG5ldyUyMGdvb2dsZS5tYXBzLkxhdExuZyUyODQwLjcwODc2MTQ4OTYyNjAzNSUyQyUyMC03My43OTYzMzQ1MTUzNDY0NyUyOSUyQyUwQSUyMCUyMCUyMCUyMCUyMCUyMCUyMCUyMCUyMCUyMCUyMCUyMHN0eWxlcyUzQSUyMG1hcFN0eWxlcyUyOCUyOSUyQyUwQSUyMCUyMCUyMCUyMCUyMCUyMCUyMCUyMCUyMCUyMCUyMCUyMG1hcFR5cGVJZCUzQSUyMGdvb2dsZS5tYXBzLk1hcFR5cGVJZC5ST0FETUFQJTBBJTIwJTIwJTIwJTIwJTIwJTIwJTIwJTIwJTdEJTNCJTBBJTIwJTIwJTIwJTIwJTIwJTIwJTIwJTIwbWFwJTIwJTNEJTIwbmV3JTIwZ29vZ2xlLm1hcHMuTWFwJTI4ZG9jdW1lbnQuZ2V0RWxlbWVudEJ5SWQlMjglMjdnbWFwMiUyNyUyOSUyQyUyMG15T3B0aW9ucyUyOSUzQiUwQSUyMCUyMCUyMCUyMCUyMCUyMCUyMCUyMHZhciUyMGluZm93aW5kb3clMjAlM0QlMjBuZXclMjBnb29nbGUubWFwcy5JbmZvV2luZG93JTI4JTdCJTdEJTI5JTNCJTBBJTIwJTIwJTIwJTIwJTIwJTIwJTIwJTIwdmFyJTIwbWFya2VyJTJDJTIwY291bnQlM0IlMEElMEElMjAlMjAlMjAlMjAlMjAlMjAlMjAlMjBtYXJrZXIlMjAlM0QlMjBuZXclMjBnb29nbGUubWFwcy5NYXJrZXIlMjglN0IlMEElMjAlMjAlMjAlMjAlMjAlMjAlMjAlMjAlMjAlMjAlMjAlMjBwb3NpdGlvbiUzQSUyMG5ldyUyMGdvb2dsZS5tYXBzLkxhdExuZyUyODQwLjcwODc2MTQ4OTYyNjAzNSUyQyUyMC03My43OTYzMzQ1MTUzNDY0NyUyOSUyQyUwQSUyMCUyMCUyMCUyMCUyMCUyMCUyMCUyMCUyMCUyMCUyMCUyMG1hcCUzQSUyMG1hcCUyQyUwQSUyMCUyMCUyMCUyMCUyMCUyMCUyMCUyMCUyMCUyMCUyMCUyMGljb24lM0ElMjAlMjclMkZ3cC1jb250ZW50JTJGdXBsb2FkcyUyRjIwMjMlMkYwMSUyRmxvY2F0aW9uLWljb24ucG5nJTI3JTJDJTBBJTIwJTIwJTIwJTIwJTIwJTIwJTIwJTIwJTIwJTIwJTIwJTIwdGl0bGUlM0ElMjAlMjdQcm9nZW4lMjBVU0ElMjclMEElMjAlMjAlMjAlMjAlMjAlMjAlMjAlMjAlN0QlMjklM0IlMEElMjAlMjAlMjAlMjAlMjAlMjAlMjAlMjBnb29nbGUubWFwcy5ldmVudC5hZGRMaXN0ZW5lciUyOG1hcmtlciUyQyUyMCUyN2NsaWNrJTI3JTJDJTIwJTI4ZnVuY3Rpb24lMjAlMjhtYXJrZXIlMjklMjAlN0IlMEElMjAlMjAlMjAlMjAlMjAlMjAlMjAlMjAlMjAlMjAlMjAlMjByZXR1cm4lMjBmdW5jdGlvbiUyMCUyOCUyOSUyMCU3QiUwQSUyMCUyMCUyMCUyMCUyMCUyMCUyMCUyMCUyMCUyMCUyMCUyMCUyMCUyMCUyMCUyMGluZm93aW5kb3cuc2V0Q29udGVudCUyOCUwQSUyMCUyMCUyMCUyMCUyMCUyMCUyMCUyMCUyMCUyMCUyMCUyMCUyMCUyMCUyMCUyMCUyMCUyMCUyMCUyMCUyNyUzQ3AlMjBjbGFzcyUzRCUyMiUyMiUyMHN0eWxlJTNEJTIyZm9udC1zaXplJTNBJTIwMXJlbSUzQiUyMiUzRSUzQ2IlM0VQUk9HRU4lMjBVU0ElM0MlMkZiJTNFJTIwJTNDYnIlM0UlMjAxNjUtMDglMjA4OHRoJTIwQXZlbnVlJTJDJTIwOHRoJTIwRmxvb3IlM0NiciUzRSUyMEphbWFpY2ElMkMlMjBOWSUyMDExNDMyJTNDJTJGcCUzRSUyMCUzQ2ElMjBocmVmJTNEJTIyaHR0cHMlM0ElMkYlMkZnb28uZ2wlMkZtYXBzJTJGV0pKam84WFRGRFQzRWJFSjclMjIlMjB0YXJnZXQlM0QlMjJfYmxhbmslMjIlM0UlM0NzcGFuJTIwY2xhc3MlM0QlMjJhbHQtcHJpbWFyeSUyMGZvbnQtYm9sZCUyMG5vLW1hcmdpbi1ib3R0b20lMjIlMjBzdHlsZSUzRCUyMmZvbnQtc2l6ZSUzQSUyMDFyZW0lM0IlMjIlM0VHZXQlMjBEaXJlY3Rpb24lM0MlMkZzcGFuJTNFJTNDJTJGYSUzRSUyNyUwQSUyMCUyMCUyMCUyMCUyMCUyMCUyMCUyMCUyMCUyMCUyMCUyMCUyMCUyMCUyMCUyMCUyMCUyMCUyMCUyMCUyOSUzQiUwQSUyMCUyMCUyMCUyMCUyMCUyMCUyMCUyMCUyMCUyMCUyMCUyMCUyMCUyMCUyMCUyMGluZm93aW5kb3cub3BlbiUyOG1hcCUyQyUyMG1hcmtlciUyOSUzQiUwQSUyMCUyMCUyMCUyMCUyMCUyMCUyMCUyMCUyMCUyMCUyMCUyMCU3RCUwQSUyMCUyMCUyMCUyMCUyMCUyMCUyMCUyMCU3RCUyOSUyOG1hcmtlciUyQyUyMDAlMjklMjklM0IlMEElMEElMjAlMjAlMjAlMjAlN0QlMEElMjAlMjAlMjAlMjBnb29nbGUubWFwcy5ldmVudC5hZGREb21MaXN0ZW5lciUyOHdpbmRvdyUyQyUyMCUyN2xvYWQlMjclMkMlMjBpbml0X21hcCUyOSUzQiUwQSUzQyUyRnNjcmlwdCUzRQ==[\/vc_raw_js][\/vc_column_inner][vc_column_inner el_class=&#8221;no-padding bg-color-secondary-light&#8221; width=&#8221;1\/2&#8243;][vc_empty_space height=&#8221;24px&#8221; el_class=&#8221;hide-for-large&#8221;][vc_column_text el_class=&#8221;text-center large-text-left extra-large-padding-left-for-large extra-large-padding-right-for-large&#8221;]<\/p>\n<h3 class=\"margin-bottom-2point5rem\">165-08 88th Avenue, 8th Floor Jamaica, NY 11432<\/h3>\n<div class=\"margin-bottom-1point5rem\">\n<p class=\"show-inline no-margin-bottom\"><img loading=\"lazy\" decoding=\"async\" class=\"alignnone size-full wp-image-197\" src=\"\/wp-content\/uploads\/2023\/01\/contact-section_1-icon_2.png\" alt=\"\" width=\"32\" height=\"35\" \/><\/p>\n<p class=\"show-inline\"><a href=\"tel:9292523193\">(929) 252-3193<\/a><\/p>\n<\/div>\n<div class=\"no-margin-bottom\">\n<p class=\"show-inline no-margin-bottom\"><img loading=\"lazy\" decoding=\"async\" class=\"alignnone size-full wp-image-246\" src=\"\/wp-content\/uploads\/2023\/01\/medicaid-resources-section_1-icon_2.png\" alt=\"\" width=\"32\" height=\"35\" \/><\/p>\n<p class=\"show-inline\">Viernes: 9:00 &#8211; 17:00<\/p>\n<\/div>\n<p>[\/vc_column_text][vc_empty_space height=&#8221;24px&#8221; el_class=&#8221;hide-for-large&#8221;][\/vc_column_inner][\/vc_row_inner][\/vc_column][\/vc_row][\/vc_section][vc_section el_id=&#8221;medicaid-resources-section_2&#8243;][vc_row][vc_column][vc_empty_space height=&#8221;90px&#8221; el_class=&#8221;show-for-large&#8221;][vc_empty_space height=&#8221;45px&#8221; el_class=&#8221;hide-for-large&#8221;][vc_row_inner equal_height=&#8221;yes&#8221; content_placement=&#8221;middle&#8221; el_class=&#8221;row no-padding-vc&#8221;][vc_column_inner el_class=&#8221;columns small-12 large-8 large-offset-2&#8243;][vc_column_text el_class=&#8221;text-center&#8221;]<\/p>\n<h2 class=\"margin-bottom-3rem\">Aplicar en L\u00ednea<\/h2>\n<p><a class=\"button text-transform-uppercase no-margin-bottom\" href=\"https:\/\/www.health.ny.gov\/health_care\/medicaid\/how_do_i_apply.htm\">aplicar<\/a>[\/vc_column_text][\/vc_column_inner][\/vc_row_inner][vc_empty_space height=&#8221;90px&#8221; el_class=&#8221;show-for-large&#8221;][vc_empty_space height=&#8221;45px&#8221; el_class=&#8221;hide-for-large&#8221;][\/vc_column][\/vc_row][\/vc_section]<\/p>\n<\/section>","protected":false},"excerpt":{"rendered":"<p>[vc_section el_id=&#8221;medicaid-resources-section_0&#8243; el_class=&#8221;bg-size-cover bg-no-repeat bg-center&#8221; css=&#8221;.vc_custom_1674558190984{background-image: url(https:\/\/www.progen.org\/wp-content\/uploads\/2023\/01\/services-section_0-bg.png?id=122) !important;}&#8221;][vc_row][vc_column][vc_empty_space height=&#8221;80px&#8221;][vc_row_inner el_class=&#8221;row no-padding-vc&#8221;][vc_column_inner][vc_column_text el_class=&#8221;large-text-left text-center&#8221;] Recursos de Medicaid [\/vc_column_text][\/vc_column_inner][\/vc_row_inner][vc_empty_space height=&#8221;180px&#8221;][\/vc_column][\/vc_row][\/vc_section][vc_section el_id=&#8221;medicaid-resources-section_1&#8243;][vc_row][vc_column][vc_empty_space height=&#8221;90px&#8221; el_class=&#8221;show-for-large&#8221;][vc_empty_space height=&#8221;45px&#8221; el_class=&#8221;hide-for-large&#8221;][vc_row_inner equal_height=&#8221;yes&#8221; content_placement=&#8221;middle&#8221; el_class=&#8221;row no-padding-vc&#8221;][vc_column_inner el_class=&#8221;columns small-12 large-8 large-offset-2&#8243;][vc_column_text el_class=&#8221;text-center&#8221;] Acerca de Medicaid Calificar para Medicaid hace que muchos servicios y recursos de salud est\u00e9n disponibles para tu familia y tu hijo GRATIS.<a class=\"excerpt-read-more\" href=\"https:\/\/www.progen.org\/es\/recursos-de-medicaid\/\" title=\"LeerRecursos de Medicaid\">&#8230; Leer m\u00e1s &#8220;<\/a><\/p>\n","protected":false},"author":1,"featured_media":0,"parent":0,"menu_order":0,"comment_status":"closed","ping_status":"closed","template":"template-visual-builder.php","meta":{"inline_featured_image":false,"footnotes":""},"yoast_head":"<!-- This site is optimized with the Yoast SEO plugin v21.6 - https:\/\/yoast.com\/wordpress\/plugins\/seo\/ -->\n<title>Recursos de Medicaid - Progen Care<\/title>\n<meta name=\"robots\" content=\"index, follow, max-snippet:-1, max-image-preview:large, max-video-preview:-1\" \/>\n<link rel=\"canonical\" href=\"https:\/\/www.progen.org\/es\/recursos-de-medicaid\/\" \/>\n<meta property=\"og:locale\" content=\"es_ES\" \/>\n<meta property=\"og:type\" content=\"article\" \/>\n<meta property=\"og:title\" content=\"Recursos de Medicaid - Progen Care\" \/>\n<meta property=\"og:description\" content=\"[vc_section el_id=&#8221;medicaid-resources-section_0&#8243; el_class=&#8221;bg-size-cover bg-no-repeat bg-center&#8221; css=&#8221;.vc_custom_1674558190984{background-image: url(https:\/\/www.progen.org\/wp-content\/uploads\/2023\/01\/services-section_0-bg.png?id=122) !important;}&#8221;][vc_row][vc_column][vc_empty_space height=&#8221;80px&#8221;][vc_row_inner el_class=&#8221;row no-padding-vc&#8221;][vc_column_inner][vc_column_text el_class=&#8221;large-text-left text-center&#8221;] Recursos de Medicaid [\/vc_column_text][\/vc_column_inner][\/vc_row_inner][vc_empty_space height=&#8221;180px&#8221;][\/vc_column][\/vc_row][\/vc_section][vc_section el_id=&#8221;medicaid-resources-section_1&#8243;][vc_row][vc_column][vc_empty_space height=&#8221;90px&#8221; el_class=&#8221;show-for-large&#8221;][vc_empty_space height=&#8221;45px&#8221; el_class=&#8221;hide-for-large&#8221;][vc_row_inner equal_height=&#8221;yes&#8221; content_placement=&#8221;middle&#8221; el_class=&#8221;row no-padding-vc&#8221;][vc_column_inner el_class=&#8221;columns small-12 large-8 large-offset-2&#8243;][vc_column_text el_class=&#8221;text-center&#8221;] Acerca de Medicaid Calificar para Medicaid hace que muchos servicios y recursos de salud est\u00e9n disponibles para tu familia y tu hijo GRATIS.... Leer m\u00e1s &quot;\" \/>\n<meta property=\"og:url\" content=\"https:\/\/www.progen.org\/es\/recursos-de-medicaid\/\" \/>\n<meta property=\"og:site_name\" content=\"Progen Care\" \/>\n<meta property=\"article:publisher\" content=\"https:\/\/www.facebook.com\/progencare\/\" \/>\n<meta property=\"article:modified_time\" content=\"2023-07-18T23:03:40+00:00\" \/>\n<meta property=\"og:image\" content=\"https:\/\/www.progen.org\/wp-content\/uploads\/2023\/01\/care-management-section_1-img_1.png\" \/>\n\t<meta property=\"og:image:width\" content=\"689\" \/>\n\t<meta property=\"og:image:height\" content=\"455\" \/>\n\t<meta property=\"og:image:type\" content=\"image\/png\" \/>\n<meta name=\"twitter:card\" content=\"summary_large_image\" \/>\n<meta name=\"twitter:label1\" content=\"Est. reading time\" \/>\n\t<meta name=\"twitter:data1\" content=\"2 minutes\" \/>\n<script type=\"application\/ld+json\" class=\"yoast-schema-graph\">{\"@context\":\"https:\/\/schema.org\",\"@graph\":[{\"@type\":\"WebPage\",\"@id\":\"https:\/\/www.progen.org\/es\/recursos-de-medicaid\/\",\"url\":\"https:\/\/www.progen.org\/es\/recursos-de-medicaid\/\",\"name\":\"Recursos de Medicaid - Progen Care\",\"isPartOf\":{\"@id\":\"https:\/\/www.progen.org\/#website\"},\"datePublished\":\"2023-01-24T11:04:23+00:00\",\"dateModified\":\"2023-07-18T23:03:40+00:00\",\"breadcrumb\":{\"@id\":\"https:\/\/www.progen.org\/es\/recursos-de-medicaid\/#breadcrumb\"},\"inLanguage\":\"es-ES\",\"potentialAction\":[{\"@type\":\"ReadAction\",\"target\":[\"https:\/\/www.progen.org\/es\/recursos-de-medicaid\/\"]}]},{\"@type\":\"BreadcrumbList\",\"@id\":\"https:\/\/www.progen.org\/es\/recursos-de-medicaid\/#breadcrumb\",\"itemListElement\":[{\"@type\":\"ListItem\",\"position\":1,\"name\":\"Home\",\"item\":\"https:\/\/www.progen.org\/es\/\"},{\"@type\":\"ListItem\",\"position\":2,\"name\":\"Recursos de Medicaid\"}]},{\"@type\":\"WebSite\",\"@id\":\"https:\/\/www.progen.org\/#website\",\"url\":\"https:\/\/www.progen.org\/\",\"name\":\"Progen Care\",\"description\":\"Connecting Children With The Best  Possible Care\",\"publisher\":{\"@id\":\"https:\/\/www.progen.org\/#organization\"},\"potentialAction\":[{\"@type\":\"SearchAction\",\"target\":{\"@type\":\"EntryPoint\",\"urlTemplate\":\"https:\/\/www.progen.org\/?s={search_term_string}\"},\"query-input\":\"required name=search_term_string\"}],\"inLanguage\":\"es-ES\"},{\"@type\":\"Organization\",\"@id\":\"https:\/\/www.progen.org\/#organization\",\"name\":\"Progen Care\",\"url\":\"https:\/\/www.progen.org\/\",\"logo\":{\"@type\":\"ImageObject\",\"inLanguage\":\"es-ES\",\"@id\":\"https:\/\/www.progen.org\/#\/schema\/logo\/image\/\",\"url\":\"https:\/\/www.progen.org\/wp-content\/uploads\/2023\/01\/logo.png\",\"contentUrl\":\"https:\/\/www.progen.org\/wp-content\/uploads\/2023\/01\/logo.png\",\"width\":242,\"height\":83,\"caption\":\"Progen Care\"},\"image\":{\"@id\":\"https:\/\/www.progen.org\/#\/schema\/logo\/image\/\"},\"sameAs\":[\"https:\/\/www.facebook.com\/progencare\/\",\"https:\/\/www.instagram.com\/progencare\/\",\"https:\/\/www.linkedin.com\/company\/progencare\/\"]}]}<\/script>\n<!-- \/ Yoast SEO plugin. -->","yoast_head_json":{"title":"Recursos de Medicaid - Progen Care","robots":{"index":"index","follow":"follow","max-snippet":"max-snippet:-1","max-image-preview":"max-image-preview:large","max-video-preview":"max-video-preview:-1"},"canonical":"https:\/\/www.progen.org\/es\/recursos-de-medicaid\/","og_locale":"es_ES","og_type":"article","og_title":"Recursos de Medicaid - Progen Care","og_description":"[vc_section el_id=&#8221;medicaid-resources-section_0&#8243; el_class=&#8221;bg-size-cover bg-no-repeat bg-center&#8221; css=&#8221;.vc_custom_1674558190984{background-image: url(https:\/\/www.progen.org\/wp-content\/uploads\/2023\/01\/services-section_0-bg.png?id=122) !important;}&#8221;][vc_row][vc_column][vc_empty_space height=&#8221;80px&#8221;][vc_row_inner el_class=&#8221;row no-padding-vc&#8221;][vc_column_inner][vc_column_text el_class=&#8221;large-text-left text-center&#8221;] Recursos de Medicaid [\/vc_column_text][\/vc_column_inner][\/vc_row_inner][vc_empty_space height=&#8221;180px&#8221;][\/vc_column][\/vc_row][\/vc_section][vc_section el_id=&#8221;medicaid-resources-section_1&#8243;][vc_row][vc_column][vc_empty_space height=&#8221;90px&#8221; el_class=&#8221;show-for-large&#8221;][vc_empty_space height=&#8221;45px&#8221; el_class=&#8221;hide-for-large&#8221;][vc_row_inner equal_height=&#8221;yes&#8221; content_placement=&#8221;middle&#8221; el_class=&#8221;row no-padding-vc&#8221;][vc_column_inner el_class=&#8221;columns small-12 large-8 large-offset-2&#8243;][vc_column_text el_class=&#8221;text-center&#8221;] Acerca de Medicaid Calificar para Medicaid hace que muchos servicios y recursos de salud est\u00e9n disponibles para tu familia y tu hijo GRATIS.... Leer m\u00e1s \"","og_url":"https:\/\/www.progen.org\/es\/recursos-de-medicaid\/","og_site_name":"Progen Care","article_publisher":"https:\/\/www.facebook.com\/progencare\/","article_modified_time":"2023-07-18T23:03:40+00:00","og_image":[{"width":689,"height":455,"url":"https:\/\/www.progen.org\/wp-content\/uploads\/2023\/01\/care-management-section_1-img_1.png","type":"image\/png"}],"twitter_card":"summary_large_image","twitter_misc":{"Est. reading time":"2 minutes"},"schema":{"@context":"https:\/\/schema.org","@graph":[{"@type":"WebPage","@id":"https:\/\/www.progen.org\/es\/recursos-de-medicaid\/","url":"https:\/\/www.progen.org\/es\/recursos-de-medicaid\/","name":"Recursos de Medicaid - Progen Care","isPartOf":{"@id":"https:\/\/www.progen.org\/#website"},"datePublished":"2023-01-24T11:04:23+00:00","dateModified":"2023-07-18T23:03:40+00:00","breadcrumb":{"@id":"https:\/\/www.progen.org\/es\/recursos-de-medicaid\/#breadcrumb"},"inLanguage":"es-ES","potentialAction":[{"@type":"ReadAction","target":["https:\/\/www.progen.org\/es\/recursos-de-medicaid\/"]}]},{"@type":"BreadcrumbList","@id":"https:\/\/www.progen.org\/es\/recursos-de-medicaid\/#breadcrumb","itemListElement":[{"@type":"ListItem","position":1,"name":"Home","item":"https:\/\/www.progen.org\/es\/"},{"@type":"ListItem","position":2,"name":"Recursos de Medicaid"}]},{"@type":"WebSite","@id":"https:\/\/www.progen.org\/#website","url":"https:\/\/www.progen.org\/","name":"Progen Care","description":"Connecting Children With The Best  Possible Care","publisher":{"@id":"https:\/\/www.progen.org\/#organization"},"potentialAction":[{"@type":"SearchAction","target":{"@type":"EntryPoint","urlTemplate":"https:\/\/www.progen.org\/?s={search_term_string}"},"query-input":"required name=search_term_string"}],"inLanguage":"es-ES"},{"@type":"Organization","@id":"https:\/\/www.progen.org\/#organization","name":"Progen Care","url":"https:\/\/www.progen.org\/","logo":{"@type":"ImageObject","inLanguage":"es-ES","@id":"https:\/\/www.progen.org\/#\/schema\/logo\/image\/","url":"https:\/\/www.progen.org\/wp-content\/uploads\/2023\/01\/logo.png","contentUrl":"https:\/\/www.progen.org\/wp-content\/uploads\/2023\/01\/logo.png","width":242,"height":83,"caption":"Progen Care"},"image":{"@id":"https:\/\/www.progen.org\/#\/schema\/logo\/image\/"},"sameAs":["https:\/\/www.facebook.com\/progencare\/","https:\/\/www.instagram.com\/progencare\/","https:\/\/www.linkedin.com\/company\/progencare\/"]}]}},"_links":{"self":[{"href":"https:\/\/www.progen.org\/es\/wp-json\/wp\/v2\/pages\/1277"}],"collection":[{"href":"https:\/\/www.progen.org\/es\/wp-json\/wp\/v2\/pages"}],"about":[{"href":"https:\/\/www.progen.org\/es\/wp-json\/wp\/v2\/types\/page"}],"author":[{"embeddable":true,"href":"https:\/\/www.progen.org\/es\/wp-json\/wp\/v2\/users\/1"}],"replies":[{"embeddable":true,"href":"https:\/\/www.progen.org\/es\/wp-json\/wp\/v2\/comments?post=1277"}],"version-history":[{"count":6,"href":"https:\/\/www.progen.org\/es\/wp-json\/wp\/v2\/pages\/1277\/revisions"}],"predecessor-version":[{"id":1657,"href":"https:\/\/www.progen.org\/es\/wp-json\/wp\/v2\/pages\/1277\/revisions\/1657"}],"wp:attachment":[{"href":"https:\/\/www.progen.org\/es\/wp-json\/wp\/v2\/media?parent=1277"}],"curies":[{"name":"wp","href":"https:\/\/api.w.org\/{rel}","templated":true}]}}