{"id":1302,"date":"2023-02-08T10:14:12","date_gmt":"2023-02-08T10:14:12","guid":{"rendered":"https:\/\/www.progen.org\/su-viaje-2\/"},"modified":"2023-07-18T23:10:04","modified_gmt":"2023-07-18T23:10:04","slug":"su-viaje-2","status":"publish","type":"page","link":"https:\/\/www.progen.org\/es\/su-viaje-2\/","title":{"rendered":"Su viaje"},"content":{"rendered":"<section class=\"wpb-content-wrapper\"><p>[vc_section el_id=&#8221;updated-journey-section_0&#8243; el_class=&#8221;bg-size-cover bg-no-repeat bg-center&#8221; css=&#8221;.vc_custom_1677576506487{background-image: url(https:\/\/www.progen.org\/wp-content\/uploads\/2023\/01\/services-section_0-bg.png?id=122) !important;}&#8221;][vc_row][vc_column][vc_empty_space height=&#8221;80px&#8221;][vc_row_inner el_class=&#8221;row no-padding-vc&#8221;][vc_column_inner][vc_column_text el_class=&#8221;large-text-left text-center&#8221;]<\/p>\n<h1 class=\"page-heading font-color-white no-margin-bottom\">Su viaje<\/h1>\n<p>[\/vc_column_text][\/vc_column_inner][\/vc_row_inner][vc_empty_space height=&#8221;180px&#8221;][\/vc_column][\/vc_row][\/vc_section][vc_section el_id=&#8221;updated-journey-section_1&#8243;][vc_row][vc_column][vc_empty_space height=&#8221;90px&#8221; el_class=&#8221;show-for-large&#8221;][vc_empty_space height=&#8221;45px&#8221; el_class=&#8221;hide-for-large&#8221;][vc_row_inner el_class=&#8221;row no-padding-vc&#8221;][vc_column_inner el_class=&#8221;columns small-12 large-8 large-offset-2&#8243;][vc_column_text el_class=&#8221;text-center&#8221;]<\/p>\n<h2 class=\"margin-bottom-1point5rem\">El viaje a la felicidad comienza con un paso<\/h2>\n<p class=\"margin-bottom-0\">Pasemos por alto c\u00f3mo puede ser su viaje con Progen Care. Recuerde que cada viaje ser\u00e1 diferente en cada caso.<\/p>\n<p>[\/vc_column_text][\/vc_column_inner][\/vc_row_inner][vc_empty_space height=&#8221;120px&#8221; el_class=&#8221;show-for-large&#8221;][vc_empty_space height=&#8221;90px&#8221; el_class=&#8221;hide-for-large&#8221;][vc_row_inner equal_height=&#8221;yes&#8221; content_placement=&#8221;middle&#8221; el_class=&#8221;row no-padding-vc bg-color-primary-gradient has-border-radius shrink-row position-relative&#8221;][vc_column_inner width=&#8221;1\/2&#8243;][vc_empty_space height=&#8221;24px&#8221; el_class=&#8221;hide-for-large&#8221;][vc_column_text el_class=&#8221;text-center large-text-left extra-large-padding-right-for-large extra-large-padding-left-for-large&#8221;]<\/p>\n<div class=\"numbers margin-bottom-2rem\">1<\/div>\n<h1 class=\"font-color-white margin-bottom-2rem\">Educar<\/h1>\n<p class=\"font-color-white no-margin-bottom\">El comienzo con Progen Care se centra en educar a las familias sobre los posibles servicios disponibles y qu\u00e9 esperar durante su viaje con nosotros.<\/p>\n<p class=\"font-color-white no-margin-bottom\"><strong>DESCARGO DE RESPONSABILIDAD:<\/strong><br \/>\nProgen Care no es un proveedor de servicios sanitarios y no presta servicios, sino que act\u00faa como puente para conectar a las familias con los recursos adecuados para recibir servicios gratuitos si cumplen los requisitos.<\/p>\n<p>[\/vc_column_text][vc_empty_space height=&#8221;24px&#8221; el_class=&#8221;hide-for-large&#8221;][\/vc_column_inner][vc_column_inner width=&#8221;1\/2&#8243;][vc_empty_space height=&#8221;24px&#8221; el_class=&#8221;hide-for-large&#8221;][vc_column_text el_class=&#8221;text-center&#8221;]<img loading=\"lazy\" decoding=\"async\" class=\"alignnone size-full wp-image-373\" src=\"\/wp-content\/uploads\/2023\/02\/journey-section_1-img_1.png\" alt=\"\" width=\"151\" height=\"491\" srcset=\"https:\/\/www.progen.org\/wp-content\/uploads\/2023\/02\/journey-section_1-img_1.png 151w, https:\/\/www.progen.org\/wp-content\/uploads\/2023\/02\/journey-section_1-img_1-92x300.png 92w\" sizes=\"(max-width: 151px) 100vw, 151px\" \/>[\/vc_column_text][vc_empty_space height=&#8221;24px&#8221; el_class=&#8221;hide-for-large&#8221;][\/vc_column_inner][\/vc_row_inner][vc_empty_space height=&#8221;120px&#8221; el_class=&#8221;show-for-large&#8221;][vc_empty_space height=&#8221;90px&#8221; el_class=&#8221;hide-for-large&#8221;][vc_row_inner equal_height=&#8221;yes&#8221; content_placement=&#8221;middle&#8221; el_class=&#8221;row no-padding-vc bg-color-primary-gradient has-border-radius shrink-row position-relative&#8221;][vc_column_inner el_class=&#8221;journey-step-right large-order-1&#8243; width=&#8221;1\/2&#8243;][vc_empty_space height=&#8221;24px&#8221; el_class=&#8221;hide-for-large&#8221;][vc_column_text el_class=&#8221;text-center large-text-left extra-large-padding-right-for-large extra-large-padding-left-for-large&#8221;]<\/p>\n<div class=\"numbers margin-bottom-2rem\">2<\/div>\n<h1 class=\"font-color-white margin-bottom-2rem\">Evaluar<\/h1>\n<p class=\"font-color-white no-margin-bottom\">A veces puede ser necesario un diagn\u00f3stico adecuado de un profesional de la salud certificado para recibir servicios. Si una persona no tiene los formularios \/ diagn\u00f3sticos necesarios, lo dirigimos a m\u00faltiples recursos para recibir lo necesario.<\/p>\n<p>[\/vc_column_text][vc_empty_space height=&#8221;24px&#8221; el_class=&#8221;hide-for-large&#8221;][\/vc_column_inner][vc_column_inner el_class=&#8221;journey-step-left large-order-0&#8243; width=&#8221;1\/2&#8243;][vc_empty_space height=&#8221;24px&#8221; el_class=&#8221;hide-for-large&#8221;][vc_column_text el_class=&#8221;text-center&#8221;]<img loading=\"lazy\" decoding=\"async\" class=\"alignnone size-full wp-image-387\" src=\"\/wp-content\/uploads\/2023\/02\/journey-section_1-img_2.png\" alt=\"\" width=\"209\" height=\"516\" srcset=\"https:\/\/www.progen.org\/wp-content\/uploads\/2023\/02\/journey-section_1-img_2.png 209w, https:\/\/www.progen.org\/wp-content\/uploads\/2023\/02\/journey-section_1-img_2-122x300.png 122w\" sizes=\"(max-width: 209px) 100vw, 209px\" \/>[\/vc_column_text][vc_empty_space height=&#8221;24px&#8221; el_class=&#8221;hide-for-large&#8221;][\/vc_column_inner][\/vc_row_inner][vc_empty_space height=&#8221;120px&#8221; el_class=&#8221;show-for-large&#8221;][vc_empty_space height=&#8221;90px&#8221; el_class=&#8221;hide-for-large&#8221;][vc_row_inner equal_height=&#8221;yes&#8221; content_placement=&#8221;middle&#8221; el_class=&#8221;row no-padding-vc bg-color-primary-gradient has-border-radius shrink-row position-relative&#8221;][vc_column_inner width=&#8221;1\/2&#8243;][vc_empty_space height=&#8221;24px&#8221; el_class=&#8221;hide-for-large&#8221;][vc_column_text el_class=&#8221;text-center large-text-left extra-large-padding-right-for-large extra-large-padding-left-for-large&#8221;]<\/p>\n<div class=\"numbers margin-bottom-2rem\">3<\/div>\n<h1 class=\"font-color-white margin-bottom-2rem\">Valorar<\/h1>\n<p class=\"font-color-white no-margin-bottom\">Ahora que Progen Care ha recibido la informaci\u00f3n del ni\u00f1o, la informaci\u00f3n de la familia, y el diagn\u00f3stico del ni\u00f1o, podemos discutir las posibles opciones disponibles y si se da la aprobaci\u00f3n, se notificar\u00e1 a los proveedores de servicios adecuados.<\/p>\n<p>[\/vc_column_text][vc_empty_space height=&#8221;24px&#8221; el_class=&#8221;hide-for-large&#8221;][\/vc_column_inner][vc_column_inner width=&#8221;1\/2&#8243;][vc_empty_space height=&#8221;24px&#8221; el_class=&#8221;hide-for-large&#8221;][vc_column_text el_class=&#8221;text-center&#8221;]<img loading=\"lazy\" decoding=\"async\" class=\"alignnone size-full wp-image-395\" src=\"\/wp-content\/uploads\/2023\/03\/journey-section_1-img_3.png\" alt=\"\" width=\"246\" height=\"486\" srcset=\"https:\/\/www.progen.org\/wp-content\/uploads\/2023\/03\/journey-section_1-img_3.png 246w, https:\/\/www.progen.org\/wp-content\/uploads\/2023\/03\/journey-section_1-img_3-152x300.png 152w\" sizes=\"(max-width: 246px) 100vw, 246px\" \/>[\/vc_column_text][vc_empty_space height=&#8221;24px&#8221; el_class=&#8221;hide-for-large&#8221;][\/vc_column_inner][\/vc_row_inner][vc_empty_space height=&#8221;120px&#8221; el_class=&#8221;show-for-large&#8221;][vc_empty_space height=&#8221;90px&#8221; el_class=&#8221;hide-for-large&#8221;][vc_row_inner equal_height=&#8221;yes&#8221; content_placement=&#8221;middle&#8221; el_class=&#8221;row no-padding-vc bg-color-primary-gradient has-border-radius shrink-row position-relative&#8221;][vc_column_inner el_class=&#8221;journey-step-right large-order-1&#8243; width=&#8221;1\/2&#8243;][vc_empty_space height=&#8221;24px&#8221; el_class=&#8221;hide-for-large&#8221;][vc_column_text el_class=&#8221;text-center large-text-left extra-large-padding-right-for-large extra-large-padding-left-for-large&#8221;]<\/p>\n<div class=\"numbers margin-bottom-2rem\">4<\/div>\n<h1 class=\"font-color-white margin-bottom-2rem\">Conectar<\/h1>\n<p class=\"font-color-white no-margin-bottom\">Ahora se iniciar\u00e1 el contacto con uno o varios proveedores de servicios de salud que mejor se adapten a las necesidades y cualificaciones de la persona.<\/p>\n<p class=\"font-color-white no-margin-bottom\"><strong>Recordatorio:<\/strong><\/p>\n<p class=\"font-color-white no-margin-bottom\">Los servicios no se prestar\u00e1n con Progen Care, sino con un proveedor de servicios cualificado.<\/p>\n<p>[\/vc_column_text][vc_empty_space height=&#8221;24px&#8221; el_class=&#8221;hide-for-large&#8221;][\/vc_column_inner][vc_column_inner el_class=&#8221;journey-step-left large-order-0&#8243; width=&#8221;1\/2&#8243;][vc_empty_space height=&#8221;24px&#8221; el_class=&#8221;hide-for-large&#8221;][vc_column_text el_class=&#8221;text-center&#8221;]<img loading=\"lazy\" decoding=\"async\" class=\"alignnone size-full wp-image-396\" src=\"\/wp-content\/uploads\/2023\/03\/journey-section_1-img_4.png\" alt=\"\" width=\"147\" height=\"504\" \/>[\/vc_column_text][vc_empty_space height=&#8221;24px&#8221; el_class=&#8221;hide-for-large&#8221;][\/vc_column_inner][\/vc_row_inner][vc_empty_space height=&#8221;120px&#8221; el_class=&#8221;show-for-large&#8221;][vc_empty_space height=&#8221;90px&#8221; el_class=&#8221;hide-for-large&#8221;][vc_row_inner equal_height=&#8221;yes&#8221; content_placement=&#8221;middle&#8221; disable_element=&#8221;yes&#8221; el_class=&#8221;row no-padding-vc bg-color-primary-gradient has-border-radius shrink-row&#8221;][vc_column_inner width=&#8221;1\/2&#8243;][vc_empty_space height=&#8221;24px&#8221; el_class=&#8221;hide-for-large&#8221;][vc_column_text el_class=&#8221;text-center large-text-left extra-large-padding-right-for-large extra-large-padding-left-for-large&#8221;]<\/p>\n<div class=\"numbers margin-bottom-2rem\">5<\/div>\n<h1 class=\"font-color-white margin-bottom-2rem\">Comienza el proceso HCBS<\/h1>\n<p class=\"font-color-white no-margin-bottom\">Si el gestor de cuidados sigue creyendo que es necesaria una intervenci\u00f3n m\u00e1s all\u00e1 de sus servicios, se iniciar\u00e1 el Proceso HCBS para ver si usted puede reunir los requisitos para recibir asistencia adicional.<\/p>\n<p>[\/vc_column_text][vc_empty_space height=&#8221;24px&#8221; el_class=&#8221;hide-for-large&#8221;][\/vc_column_inner][vc_column_inner width=&#8221;1\/2&#8243;][vc_empty_space height=&#8221;24px&#8221; el_class=&#8221;hide-for-large&#8221;][vc_column_text el_class=&#8221;text-center&#8221;]<img loading=\"lazy\" decoding=\"async\" class=\"alignnone size-full wp-image-398\" src=\"\/wp-content\/uploads\/2023\/03\/journey-section_1-img_5.png\" alt=\"\" width=\"415\" height=\"433\" srcset=\"https:\/\/www.progen.org\/wp-content\/uploads\/2023\/03\/journey-section_1-img_5.png 415w, https:\/\/www.progen.org\/wp-content\/uploads\/2023\/03\/journey-section_1-img_5-288x300.png 288w\" sizes=\"(max-width: 415px) 100vw, 415px\" \/>[\/vc_column_text][vc_empty_space height=&#8221;24px&#8221; el_class=&#8221;hide-for-large&#8221;][\/vc_column_inner][\/vc_row_inner][vc_empty_space height=&#8221;120px&#8221; el_class=&#8221;show-for-large&#8221;][vc_empty_space height=&#8221;90px&#8221; el_class=&#8221;hide-for-large&#8221;][vc_row_inner equal_height=&#8221;yes&#8221; content_placement=&#8221;middle&#8221; el_class=&#8221;row no-padding-vc bg-color-primary-gradient has-border-radius shrink-row position-relative&#8221; el_id=&#8221;journey-step-6&#8243;][vc_column_inner width=&#8221;1\/2&#8243;][vc_empty_space height=&#8221;24px&#8221;][vc_column_text el_class=&#8221;text-center large-text-left extra-large-padding-right-for-large extra-large-padding-left-for-large&#8221;]<\/p>\n<div class=\"numbers margin-bottom-2rem\">5<\/div>\n<h1 class=\"font-color-white margin-bottom-2rem\">Planificar y proporcionar<\/h1>\n<p class=\"font-color-white no-margin-bottom\">Despu\u00e9s de pasar por el proceso necesario con el\/los proveedor\/es de servicios de salud (que no es Progen Care) para cumplir los requisitos, si se aprueban, los servicios comenzar\u00e1n para la familia y \u00a1su viaje estar\u00e1 completo!<\/p>\n<p>[\/vc_column_text][vc_empty_space height=&#8221;24px&#8221;][\/vc_column_inner][vc_column_inner width=&#8221;1\/2&#8243;][vc_empty_space height=&#8221;24px&#8221; el_class=&#8221;hide-for-large&#8221;][vc_column_text el_class=&#8221;text-center&#8221;]<img loading=\"lazy\" decoding=\"async\" class=\"alignnone size-full wp-image-399\" src=\"\/wp-content\/uploads\/2023\/03\/journey-section_1-img_6.png\" alt=\"\" width=\"441\" height=\"399\" srcset=\"https:\/\/www.progen.org\/wp-content\/uploads\/2023\/03\/journey-section_1-img_6.png 441w, https:\/\/www.progen.org\/wp-content\/uploads\/2023\/03\/journey-section_1-img_6-300x271.png 300w\" sizes=\"(max-width: 441px) 100vw, 441px\" \/>[\/vc_column_text][vc_empty_space height=&#8221;24px&#8221; el_class=&#8221;hide-for-large&#8221;][\/vc_column_inner][\/vc_row_inner][vc_empty_space height=&#8221;90px&#8221; el_class=&#8221;show-for-large&#8221;][vc_empty_space height=&#8221;45px&#8221; el_class=&#8221;hide-for-large&#8221;][\/vc_column][\/vc_row][\/vc_section]<\/p>\n<\/section>","protected":false},"excerpt":{"rendered":"<p>[vc_section el_id=&#8221;updated-journey-section_0&#8243; el_class=&#8221;bg-size-cover bg-no-repeat bg-center&#8221; css=&#8221;.vc_custom_1677576506487{background-image: url(https:\/\/www.progen.org\/wp-content\/uploads\/2023\/01\/services-section_0-bg.png?id=122) !important;}&#8221;][vc_row][vc_column][vc_empty_space height=&#8221;80px&#8221;][vc_row_inner el_class=&#8221;row no-padding-vc&#8221;][vc_column_inner][vc_column_text el_class=&#8221;large-text-left text-center&#8221;] Su viaje [\/vc_column_text][\/vc_column_inner][\/vc_row_inner][vc_empty_space height=&#8221;180px&#8221;][\/vc_column][\/vc_row][\/vc_section][vc_section el_id=&#8221;updated-journey-section_1&#8243;][vc_row][vc_column][vc_empty_space height=&#8221;90px&#8221; el_class=&#8221;show-for-large&#8221;][vc_empty_space height=&#8221;45px&#8221; el_class=&#8221;hide-for-large&#8221;][vc_row_inner el_class=&#8221;row no-padding-vc&#8221;][vc_column_inner el_class=&#8221;columns small-12 large-8 large-offset-2&#8243;][vc_column_text el_class=&#8221;text-center&#8221;] El viaje a la felicidad comienza con un paso Pasemos por alto c\u00f3mo puede ser su viaje con Progen Care. Recuerde que cada viaje ser\u00e1 diferente<a class=\"excerpt-read-more\" href=\"https:\/\/www.progen.org\/es\/su-viaje-2\/\" title=\"LeerSu viaje\">&#8230; Leer m\u00e1s &#8220;<\/a><\/p>\n","protected":false},"author":1,"featured_media":0,"parent":0,"menu_order":0,"comment_status":"closed","ping_status":"closed","template":"template-visual-builder.php","meta":{"inline_featured_image":false,"footnotes":""},"yoast_head":"<!-- This site is optimized with the Yoast SEO plugin v21.6 - https:\/\/yoast.com\/wordpress\/plugins\/seo\/ -->\n<title>Su viaje - Progen Care<\/title>\n<meta name=\"robots\" content=\"index, follow, max-snippet:-1, max-image-preview:large, max-video-preview:-1\" \/>\n<link rel=\"canonical\" href=\"https:\/\/www.progen.org\/es\/su-viaje-2\/\" \/>\n<meta property=\"og:locale\" content=\"es_ES\" \/>\n<meta property=\"og:type\" content=\"article\" \/>\n<meta property=\"og:title\" content=\"Su viaje - Progen Care\" \/>\n<meta property=\"og:description\" content=\"[vc_section el_id=&#8221;updated-journey-section_0&#8243; el_class=&#8221;bg-size-cover bg-no-repeat bg-center&#8221; css=&#8221;.vc_custom_1677576506487{background-image: url(https:\/\/www.progen.org\/wp-content\/uploads\/2023\/01\/services-section_0-bg.png?id=122) !important;}&#8221;][vc_row][vc_column][vc_empty_space height=&#8221;80px&#8221;][vc_row_inner el_class=&#8221;row no-padding-vc&#8221;][vc_column_inner][vc_column_text el_class=&#8221;large-text-left text-center&#8221;] Su viaje [\/vc_column_text][\/vc_column_inner][\/vc_row_inner][vc_empty_space height=&#8221;180px&#8221;][\/vc_column][\/vc_row][\/vc_section][vc_section el_id=&#8221;updated-journey-section_1&#8243;][vc_row][vc_column][vc_empty_space height=&#8221;90px&#8221; el_class=&#8221;show-for-large&#8221;][vc_empty_space height=&#8221;45px&#8221; el_class=&#8221;hide-for-large&#8221;][vc_row_inner el_class=&#8221;row no-padding-vc&#8221;][vc_column_inner el_class=&#8221;columns small-12 large-8 large-offset-2&#8243;][vc_column_text el_class=&#8221;text-center&#8221;] El viaje a la felicidad comienza con un paso Pasemos por alto c\u00f3mo puede ser su viaje con Progen Care. Recuerde que cada viaje ser\u00e1 diferente... Leer m\u00e1s &quot;\" \/>\n<meta property=\"og:url\" content=\"https:\/\/www.progen.org\/es\/su-viaje-2\/\" \/>\n<meta property=\"og:site_name\" content=\"Progen Care\" \/>\n<meta property=\"article:publisher\" content=\"https:\/\/www.facebook.com\/progencare\/\" \/>\n<meta property=\"article:modified_time\" content=\"2023-07-18T23:10:04+00:00\" \/>\n<meta property=\"og:image\" content=\"https:\/\/www.progen.org\/wp-content\/uploads\/2023\/01\/care-management-section_1-img_1.png\" \/>\n\t<meta property=\"og:image:width\" content=\"689\" \/>\n\t<meta property=\"og:image:height\" content=\"455\" \/>\n\t<meta property=\"og:image:type\" content=\"image\/png\" \/>\n<meta name=\"twitter:card\" content=\"summary_large_image\" \/>\n<meta name=\"twitter:label1\" content=\"Est. reading time\" \/>\n\t<meta name=\"twitter:data1\" content=\"4 minutes\" \/>\n<script type=\"application\/ld+json\" class=\"yoast-schema-graph\">{\"@context\":\"https:\/\/schema.org\",\"@graph\":[{\"@type\":\"WebPage\",\"@id\":\"https:\/\/www.progen.org\/es\/su-viaje-2\/\",\"url\":\"https:\/\/www.progen.org\/es\/su-viaje-2\/\",\"name\":\"Su viaje - Progen Care\",\"isPartOf\":{\"@id\":\"https:\/\/www.progen.org\/#website\"},\"datePublished\":\"2023-02-08T10:14:12+00:00\",\"dateModified\":\"2023-07-18T23:10:04+00:00\",\"breadcrumb\":{\"@id\":\"https:\/\/www.progen.org\/es\/su-viaje-2\/#breadcrumb\"},\"inLanguage\":\"es-ES\",\"potentialAction\":[{\"@type\":\"ReadAction\",\"target\":[\"https:\/\/www.progen.org\/es\/su-viaje-2\/\"]}]},{\"@type\":\"BreadcrumbList\",\"@id\":\"https:\/\/www.progen.org\/es\/su-viaje-2\/#breadcrumb\",\"itemListElement\":[{\"@type\":\"ListItem\",\"position\":1,\"name\":\"Home\",\"item\":\"https:\/\/www.progen.org\/es\/\"},{\"@type\":\"ListItem\",\"position\":2,\"name\":\"Su viaje\"}]},{\"@type\":\"WebSite\",\"@id\":\"https:\/\/www.progen.org\/#website\",\"url\":\"https:\/\/www.progen.org\/\",\"name\":\"Progen Care\",\"description\":\"Connecting Children With The Best  Possible Care\",\"publisher\":{\"@id\":\"https:\/\/www.progen.org\/#organization\"},\"potentialAction\":[{\"@type\":\"SearchAction\",\"target\":{\"@type\":\"EntryPoint\",\"urlTemplate\":\"https:\/\/www.progen.org\/?s={search_term_string}\"},\"query-input\":\"required name=search_term_string\"}],\"inLanguage\":\"es-ES\"},{\"@type\":\"Organization\",\"@id\":\"https:\/\/www.progen.org\/#organization\",\"name\":\"Progen Care\",\"url\":\"https:\/\/www.progen.org\/\",\"logo\":{\"@type\":\"ImageObject\",\"inLanguage\":\"es-ES\",\"@id\":\"https:\/\/www.progen.org\/#\/schema\/logo\/image\/\",\"url\":\"https:\/\/www.progen.org\/wp-content\/uploads\/2023\/01\/logo.png\",\"contentUrl\":\"https:\/\/www.progen.org\/wp-content\/uploads\/2023\/01\/logo.png\",\"width\":242,\"height\":83,\"caption\":\"Progen Care\"},\"image\":{\"@id\":\"https:\/\/www.progen.org\/#\/schema\/logo\/image\/\"},\"sameAs\":[\"https:\/\/www.facebook.com\/progencare\/\",\"https:\/\/www.instagram.com\/progencare\/\",\"https:\/\/www.linkedin.com\/company\/progencare\/\"]}]}<\/script>\n<!-- \/ Yoast SEO plugin. -->","yoast_head_json":{"title":"Su viaje - Progen Care","robots":{"index":"index","follow":"follow","max-snippet":"max-snippet:-1","max-image-preview":"max-image-preview:large","max-video-preview":"max-video-preview:-1"},"canonical":"https:\/\/www.progen.org\/es\/su-viaje-2\/","og_locale":"es_ES","og_type":"article","og_title":"Su viaje - Progen Care","og_description":"[vc_section el_id=&#8221;updated-journey-section_0&#8243; el_class=&#8221;bg-size-cover bg-no-repeat bg-center&#8221; css=&#8221;.vc_custom_1677576506487{background-image: url(https:\/\/www.progen.org\/wp-content\/uploads\/2023\/01\/services-section_0-bg.png?id=122) !important;}&#8221;][vc_row][vc_column][vc_empty_space height=&#8221;80px&#8221;][vc_row_inner el_class=&#8221;row no-padding-vc&#8221;][vc_column_inner][vc_column_text el_class=&#8221;large-text-left text-center&#8221;] Su viaje [\/vc_column_text][\/vc_column_inner][\/vc_row_inner][vc_empty_space height=&#8221;180px&#8221;][\/vc_column][\/vc_row][\/vc_section][vc_section el_id=&#8221;updated-journey-section_1&#8243;][vc_row][vc_column][vc_empty_space height=&#8221;90px&#8221; el_class=&#8221;show-for-large&#8221;][vc_empty_space height=&#8221;45px&#8221; el_class=&#8221;hide-for-large&#8221;][vc_row_inner el_class=&#8221;row no-padding-vc&#8221;][vc_column_inner el_class=&#8221;columns small-12 large-8 large-offset-2&#8243;][vc_column_text el_class=&#8221;text-center&#8221;] El viaje a la felicidad comienza con un paso Pasemos por alto c\u00f3mo puede ser su viaje con Progen Care. Recuerde que cada viaje ser\u00e1 diferente... Leer m\u00e1s \"","og_url":"https:\/\/www.progen.org\/es\/su-viaje-2\/","og_site_name":"Progen Care","article_publisher":"https:\/\/www.facebook.com\/progencare\/","article_modified_time":"2023-07-18T23:10:04+00:00","og_image":[{"width":689,"height":455,"url":"https:\/\/www.progen.org\/wp-content\/uploads\/2023\/01\/care-management-section_1-img_1.png","type":"image\/png"}],"twitter_card":"summary_large_image","twitter_misc":{"Est. reading time":"4 minutes"},"schema":{"@context":"https:\/\/schema.org","@graph":[{"@type":"WebPage","@id":"https:\/\/www.progen.org\/es\/su-viaje-2\/","url":"https:\/\/www.progen.org\/es\/su-viaje-2\/","name":"Su viaje - Progen Care","isPartOf":{"@id":"https:\/\/www.progen.org\/#website"},"datePublished":"2023-02-08T10:14:12+00:00","dateModified":"2023-07-18T23:10:04+00:00","breadcrumb":{"@id":"https:\/\/www.progen.org\/es\/su-viaje-2\/#breadcrumb"},"inLanguage":"es-ES","potentialAction":[{"@type":"ReadAction","target":["https:\/\/www.progen.org\/es\/su-viaje-2\/"]}]},{"@type":"BreadcrumbList","@id":"https:\/\/www.progen.org\/es\/su-viaje-2\/#breadcrumb","itemListElement":[{"@type":"ListItem","position":1,"name":"Home","item":"https:\/\/www.progen.org\/es\/"},{"@type":"ListItem","position":2,"name":"Su viaje"}]},{"@type":"WebSite","@id":"https:\/\/www.progen.org\/#website","url":"https:\/\/www.progen.org\/","name":"Progen Care","description":"Connecting Children With The Best  Possible Care","publisher":{"@id":"https:\/\/www.progen.org\/#organization"},"potentialAction":[{"@type":"SearchAction","target":{"@type":"EntryPoint","urlTemplate":"https:\/\/www.progen.org\/?s={search_term_string}"},"query-input":"required name=search_term_string"}],"inLanguage":"es-ES"},{"@type":"Organization","@id":"https:\/\/www.progen.org\/#organization","name":"Progen Care","url":"https:\/\/www.progen.org\/","logo":{"@type":"ImageObject","inLanguage":"es-ES","@id":"https:\/\/www.progen.org\/#\/schema\/logo\/image\/","url":"https:\/\/www.progen.org\/wp-content\/uploads\/2023\/01\/logo.png","contentUrl":"https:\/\/www.progen.org\/wp-content\/uploads\/2023\/01\/logo.png","width":242,"height":83,"caption":"Progen Care"},"image":{"@id":"https:\/\/www.progen.org\/#\/schema\/logo\/image\/"},"sameAs":["https:\/\/www.facebook.com\/progencare\/","https:\/\/www.instagram.com\/progencare\/","https:\/\/www.linkedin.com\/company\/progencare\/"]}]}},"_links":{"self":[{"href":"https:\/\/www.progen.org\/es\/wp-json\/wp\/v2\/pages\/1302"}],"collection":[{"href":"https:\/\/www.progen.org\/es\/wp-json\/wp\/v2\/pages"}],"about":[{"href":"https:\/\/www.progen.org\/es\/wp-json\/wp\/v2\/types\/page"}],"author":[{"embeddable":true,"href":"https:\/\/www.progen.org\/es\/wp-json\/wp\/v2\/users\/1"}],"replies":[{"embeddable":true,"href":"https:\/\/www.progen.org\/es\/wp-json\/wp\/v2\/comments?post=1302"}],"version-history":[{"count":10,"href":"https:\/\/www.progen.org\/es\/wp-json\/wp\/v2\/pages\/1302\/revisions"}],"predecessor-version":[{"id":1659,"href":"https:\/\/www.progen.org\/es\/wp-json\/wp\/v2\/pages\/1302\/revisions\/1659"}],"wp:attachment":[{"href":"https:\/\/www.progen.org\/es\/wp-json\/wp\/v2\/media?parent=1302"}],"curies":[{"name":"wp","href":"https:\/\/api.w.org\/{rel}","templated":true}]}}