{"id":1440,"date":"2023-04-12T07:06:32","date_gmt":"2023-04-12T07:06:32","guid":{"rendered":"https:\/\/www.progen.org\/servicios\/terapia-aba\/"},"modified":"2023-06-19T14:31:23","modified_gmt":"2023-06-19T14:31:23","slug":"terapia-aba","status":"publish","type":"page","link":"https:\/\/www.progen.org\/es\/servicios\/terapia-aba\/","title":{"rendered":"Terapia ABA"},"content":{"rendered":"<section class=\"wpb-content-wrapper\"><p>[vc_section el_id=&#8221;aba-therapy-section_0&#8243; el_class=&#8221;bg-size-cover bg-no-repeat bg-center&#8221; css=&#8221;.vc_custom_1681283639241{background-image: url(https:\/\/www.progen.org\/wp-content\/uploads\/2023\/01\/services-section_0-bg.png?id=122) !important;}&#8221;][vc_row][vc_column][vc_empty_space height=&#8221;80px&#8221;][vc_row_inner el_class=&#8221;row no-padding-vc&#8221;][vc_column_inner][vc_column_text el_class=&#8221;large-text-left text-center&#8221;]<\/p>\n<h1 class=\"page-heading font-color-white no-margin-bottom\">Servicios<\/h1>\n<p>[\/vc_column_text][\/vc_column_inner][\/vc_row_inner][vc_empty_space height=&#8221;180px&#8221;][\/vc_column][\/vc_row][\/vc_section][vc_section el_id=&#8221;aba-therapy-section_1&#8243;][vc_row][vc_column][vc_empty_space height=&#8221;90px&#8221; el_class=&#8221;show-for-large&#8221;][vc_empty_space height=&#8221;45px&#8221; el_class=&#8221;hide-for-large&#8221;][vc_row_inner equal_height=&#8221;yes&#8221; content_placement=&#8221;middle&#8221; el_class=&#8221;row no-padding-vc&#8221;][vc_column_inner el_class=&#8221;large-order-1&#8243; width=&#8221;1\/2&#8243;][vc_column_text el_class=&#8221;center-overlapped-images&#8221;]<\/p>\n<div class=\"image-overlap\">\n<p><img loading=\"lazy\" decoding=\"async\" class=\"bg-img alignnone size-full wp-image-57\" src=\"\/wp-content\/uploads\/2023\/01\/home-section_2-bg-img_1.png\" alt=\"\" width=\"628\" height=\"494\"><br \/>\n<img loading=\"lazy\" decoding=\"async\" class=\"primary-img alignnone size-full wp-image-543\" src=\"\/wp-content\/uploads\/2023\/04\/aba-therapy-section_1-img_1.png\" alt=\"\" width=\"689\" height=\"455\" srcset=\"https:\/\/www.progen.org\/wp-content\/uploads\/2023\/04\/aba-therapy-section_1-img_1.png 689w, https:\/\/www.progen.org\/wp-content\/uploads\/2023\/04\/aba-therapy-section_1-img_1-300x198.png 300w\" sizes=\"(max-width: 689px) 100vw, 689px\" \/><\/p>\n<\/div>\n<p>[\/vc_column_text][\/vc_column_inner][vc_column_inner el_class=&#8221;large-order-0&#8243; width=&#8221;1\/2&#8243;][vc_column_text el_class=&#8221;text-center large-text-left extra-large-padding-right-for-large&#8221;]<\/p>\n<h2 class=\"margin-bottom-2point5rem\">Terapia ABA<\/h2>\n<p class=\"margin-bottom-2point5rem\">La terapia ABA (An\u00e1lisis Conductual Aplicado) es un tipo de terapia conductual que se centra en mejorar conductas y habilidades espec\u00edficas mediante el refuerzo positivo y otras t\u00e9cnicas conductuales. La terapia ABA se utiliza habitualmente para tratar a personas con trastorno del espectro autista (TEA) y otros trastornos del desarrollo, as\u00ed como a quienes presentan dificultades conductuales o socioemocionales. La terapia ABA suele llevarse a cabo de forma individual con un terapeuta o un t\u00e9cnico conductual cualificado y se adapta a las necesidades y objetivos espec\u00edficos de la persona. Puede impartirse en diversos entornos, como hogares, escuelas, cl\u00ednicas y otros entornos comunitarios.<\/p>\n<p>[\/vc_column_text][\/vc_column_inner][\/vc_row_inner][vc_empty_space height=&#8221;90px&#8221; el_class=&#8221;show-for-large&#8221;][vc_empty_space height=&#8221;45px&#8221; el_class=&#8221;hide-for-large&#8221;][\/vc_column][\/vc_row][\/vc_section][vc_section el_id=&#8221;aba-therapy-section_2&#8243;][vc_row][vc_column][vc_row_inner equal_height=&#8221;yes&#8221; content_placement=&#8221;middle&#8221; el_class=&#8221;row no-padding-vc expanded&#8221;][vc_column_inner el_class=&#8221;no-padding&#8221; width=&#8221;1\/2&#8243;][vc_column_text el_class=&#8221;text-center&#8221;]<img decoding=\"async\" class=\"alignnone size-full wp-image-544\" src=\"\/wp-content\/uploads\/2023\/04\/aba-therapy-section_2-img_1.png\" alt=\"\" width=\"100%\" height=\"601\" srcset=\"https:\/\/www.progen.org\/wp-content\/uploads\/2023\/04\/aba-therapy-section_2-img_1.png 962w, https:\/\/www.progen.org\/wp-content\/uploads\/2023\/04\/aba-therapy-section_2-img_1-300x187.png 300w, https:\/\/www.progen.org\/wp-content\/uploads\/2023\/04\/aba-therapy-section_2-img_1-768x480.png 768w\" sizes=\"(max-width: 962px) 100vw, 962px\" \/>[\/vc_column_text][\/vc_column_inner][vc_column_inner el_class=&#8221;no-padding bg-color-secondary&#8221; width=&#8221;1\/2&#8243; css=&#8221;.vc_custom_1674545187047{background-position: center !important;background-repeat: no-repeat !important;background-size: cover !important;}&#8221;][vc_empty_space height=&#8221;24px&#8221; el_class=&#8221;hide-for-large&#8221;][vc_column_text el_class=&#8221;text-center large-text-left extra-large-padding-left-for-large extra-large-padding-right-for-large&#8221;]<\/p>\n<h2 class=\"margin-bottom-2point5rem font-color-white\">Pr\u00e1cticas<\/h2>\n<p class=\"margin-bottom-2point5rem font-color-white\">La terapia ABA consiste en dividir las habilidades y conductas complejas en partes m\u00e1s peque\u00f1as y manejables, y luego ense\u00f1ar esas partes sistem\u00e1ticamente, utilizando una variedad de t\u00e9cnicas basadas en la evidencia. Estos pueden incluir:<\/p>\n<ul class=\"text-left font-color-white\">\n<li>Para consultar<\/li>\n<li>Modelado<\/li>\n<li>T\u00e9cnicas de conformaci\u00f3n<\/li>\n<li>T\u00e9cnicas frontales<\/li>\n<li>Refuerzo positivo<\/li>\n<li>Econom\u00eda de fichas<\/li>\n<\/ul>\n<p>[\/vc_column_text][vc_empty_space height=&#8221;24px&#8221; el_class=&#8221;hide-for-large&#8221;][\/vc_column_inner][\/vc_row_inner][\/vc_column][\/vc_row][\/vc_section][vc_section el_id=&#8221;aba-therapy-section_3&#8243; css=&#8221;.vc_custom_1681284077856{background-image: url(https:\/\/www.progen.org\/wp-content\/uploads\/2023\/04\/aba-therapy-section_3-bg-img_1.png?id=551) !important;}&#8221;][vc_row][vc_column][vc_empty_space height=&#8221;90px&#8221; el_class=&#8221;show-for-large&#8221;][vc_empty_space height=&#8221;45px&#8221; el_class=&#8221;hide-for-large&#8221;][vc_row_inner equal_height=&#8221;yes&#8221; content_placement=&#8221;middle&#8221; el_class=&#8221;row no-padding-vc&#8221;][vc_column_inner el_class=&#8221;large-order-1&#8243; width=&#8221;1\/2&#8243;][vc_column_text el_class=&#8221;center-overlapped-images&#8221;]<\/p>\n<div class=\"image-overlap\">\n<p><img loading=\"lazy\" decoding=\"async\" class=\"bg-img alignnone size-full wp-image-57\" src=\"\/wp-content\/uploads\/2023\/01\/home-section_2-bg-img_1.png\" alt=\"\" width=\"628\" height=\"494\"><br \/>\n<img loading=\"lazy\" decoding=\"async\" class=\"primary-img alignnone size-full wp-image-545\" src=\"\/wp-content\/uploads\/2023\/04\/aba-therapy-section_3-img_1.png\" alt=\"\" width=\"689\" height=\"455\" srcset=\"https:\/\/www.progen.org\/wp-content\/uploads\/2023\/04\/aba-therapy-section_3-img_1.png 689w, https:\/\/www.progen.org\/wp-content\/uploads\/2023\/04\/aba-therapy-section_3-img_1-300x198.png 300w\" sizes=\"(max-width: 689px) 100vw, 689px\" \/><\/p>\n<\/div>\n<p>[\/vc_column_text][\/vc_column_inner][vc_column_inner el_class=&#8221;large-order-0&#8243; width=&#8221;1\/2&#8243;][vc_column_text el_class=&#8221;text-center large-text-left extra-large-padding-right-for-large&#8221;]<\/p>\n<h2 class=\"margin-bottom-2point5rem\">Esto le ayudar\u00e1 con cosas como<\/h2>\n<ul class=\"text-left\">\n<li>Sociabilidad<\/li>\n<li>Mejora de las habilidades l\u00fadicas<\/li>\n<li>Mejor capacidad de imitaci\u00f3n<\/li>\n<li>Mejora de las habilidades motoras<\/li>\n<li>Mayor independencia en las habilidades de la vida diaria (ir al ba\u00f1o, comer, vestirse, etc.)<\/li>\n<li>Mayor comunicaci\u00f3n funcional y eficaz<\/li>\n<li>Mejora de las conexiones personales (con la familia, cuidadores, profesores, etc.)<\/li>\n<li>Mejor adaptaci\u00f3n a nuevas situaciones, personas y entornos<\/li>\n<li>Mayor capacidad de atenci\u00f3n<\/li>\n<li>Mejora de la capacidad de afrontamiento y la flexibilidad<\/li>\n<\/ul>\n<p>[\/vc_column_text][\/vc_column_inner][\/vc_row_inner][vc_empty_space height=&#8221;90px&#8221; el_class=&#8221;show-for-large&#8221;][vc_empty_space height=&#8221;45px&#8221; el_class=&#8221;hide-for-large&#8221;][\/vc_column][\/vc_row][\/vc_section][vc_section el_id=&#8221;aba-therapy-section_4&#8243; css=&#8221;.vc_custom_1681283698561{border-bottom-width: 1px !important;border-bottom-color: #00bff2 !important;border-bottom-style: solid !important;}&#8221;][vc_row][vc_column][vc_empty_space height=&#8221;90px&#8221; el_class=&#8221;show-for-large&#8221;][vc_empty_space height=&#8221;45px&#8221; el_class=&#8221;hide-for-large&#8221;][vc_row_inner equal_height=&#8221;yes&#8221; content_placement=&#8221;middle&#8221; el_class=&#8221;row no-padding-vc&#8221;][vc_column_inner el_class=&#8221;columns small-12 large-8 large-offset-2&#8243;][vc_column_text el_class=&#8221;text-center&#8221;]<\/p>\n<h2 class=\"margin-bottom-1point5rem\">Encontrar el tratamiento adecuado<\/h2>\n<p class=\"margin-bottom-0\">Ayudamos a proporcionar servicios asequibles, recursos y atenci\u00f3n profesional a disposici\u00f3n de su familia. Nuestro equipo averigua exactamente a qu\u00e9 servicios tiene derecho para que pueda aprovechar los servicios gratuitos de que dispone y obtener la ayuda adicional que necesita. Los servicios disponibles se determinan caso por caso y pueden incluir lo siguiente:<\/p>\n<p>[\/vc_column_text][\/vc_column_inner][\/vc_row_inner][vc_empty_space height=&#8221;90px&#8221; el_class=&#8221;show-for-large&#8221;][vc_empty_space height=&#8221;45px&#8221; el_class=&#8221;hide-for-large&#8221;][vc_row_inner el_class=&#8221;row no-padding-vc&#8221;][vc_column_inner el_class=&#8221;hover-up&#8221; width=&#8221;1\/3&#8243;][vc_column_text el_class=&#8221;text-center&#8221;]<\/p>\n<div class=\"card no-padding\" data-equalizer-watch=\"medium\">\n<p class=\"margin-bottom-2point5rem\"><img decoding=\"async\" class=\"alignnone size-full wp-image-39\" src=\"\/wp-content\/uploads\/2023\/01\/home-section_3-img_4.png\" alt=\"\" width=\"100%\" height=\"212\" srcset=\"https:\/\/www.progen.org\/wp-content\/uploads\/2023\/01\/home-section_3-img_4.png 450w, https:\/\/www.progen.org\/wp-content\/uploads\/2023\/01\/home-section_3-img_4-300x141.png 300w\" sizes=\"(max-width: 450px) 100vw, 450px\" \/><\/p>\n<div class=\"card-content\">\n<h3 class=\"margin-bottom-2rem\">Apoyo al cuidador familiar<\/h3>\n<p class=\"margin-bottom-0\">Un poco de ayuda viene muy bien. Podemos ofrecerle consultas y asistencia a domicilio para mejorar el modo de vida de su familia.<\/p>\n<\/div>\n<p><a class=\"button secondary text-transform-uppercase margin-bottom-3rem\" href=\"\/services\/family-caregiver-support\"><span class=\"\">M\u00e1s informaci\u00f3n<\/span><img loading=\"lazy\" decoding=\"async\" class=\"alignnone size-full wp-image-48\" src=\"\/wp-content\/uploads\/2023\/01\/right-arrow-icon.png\" alt=\"\" width=\"18\" height=\"18\"><\/a><\/p>\n<\/div>\n<p>[\/vc_column_text][vc_empty_space height=&#8221;24px&#8221; el_class=&#8221;hide-for-large&#8221;][\/vc_column_inner][vc_column_inner el_class=&#8221;hover-up&#8221; width=&#8221;1\/3&#8243;][vc_column_text el_class=&#8221;text-center&#8221;]<\/p>\n<div class=\"card no-padding\" data-equalizer-watch=\"medium\">\n<p class=\"margin-bottom-2point5rem\"><img decoding=\"async\" class=\"alignnone size-full wp-image-38\" src=\"\/wp-content\/uploads\/2023\/01\/home-section_3-img_5.png\" alt=\"\" width=\"100%\" height=\"212\" srcset=\"https:\/\/www.progen.org\/wp-content\/uploads\/2023\/01\/home-section_3-img_5.png 450w, https:\/\/www.progen.org\/wp-content\/uploads\/2023\/01\/home-section_3-img_5-300x141.png 300w\" sizes=\"(max-width: 450px) 100vw, 450px\" \/><\/p>\n<div class=\"card-content\">\n<h3 class=\"margin-bottom-2rem\">Servicios preprofesionales<\/h3>\n<p class=\"margin-bottom-0\">El \u00e9xito empieza paso a paso. Los servicios preprofesionales preparan a su hijo con las habilidades b\u00e1sicas necesarias para prosperar en un puesto de trabajo.<\/p>\n<\/div>\n<p><a class=\"button secondary text-transform-uppercase margin-bottom-3rem\" href=\"https:\/\/www.progen.org\/es\/?page_id=1245\"><span class=\"\">M\u00e1s informaci\u00f3n<\/span><img loading=\"lazy\" decoding=\"async\" class=\"alignnone size-full wp-image-48\" src=\"\/wp-content\/uploads\/2023\/01\/right-arrow-icon.png\" alt=\"\" width=\"18\" height=\"18\"><\/a><\/p>\n<\/div>\n<p>[\/vc_column_text][vc_empty_space height=&#8221;24px&#8221; el_class=&#8221;hide-for-large&#8221;][\/vc_column_inner][vc_column_inner el_class=&#8221;hover-up&#8221; width=&#8221;1\/3&#8243;][vc_column_text el_class=&#8221;text-center&#8221;]<\/p>\n<div class=\"card no-padding\" data-equalizer-watch=\"medium\">\n<p class=\"margin-bottom-2point5rem\"><img decoding=\"async\" class=\"alignnone size-full wp-image-37\" src=\"\/wp-content\/uploads\/2023\/01\/home-section_3-img_6.png\" alt=\"\" width=\"100%\" height=\"212\" srcset=\"https:\/\/www.progen.org\/wp-content\/uploads\/2023\/01\/home-section_3-img_6.png 450w, https:\/\/www.progen.org\/wp-content\/uploads\/2023\/01\/home-section_3-img_6-300x141.png 300w\" sizes=\"(max-width: 450px) 100vw, 450px\" \/><\/p>\n<div class=\"card-content\">\n<h3 class=\"margin-bottom-2rem\">Servicios de respiro<\/h3>\n<p class=\"margin-bottom-0\">A veces todos necesitamos un descanso. Nuestros servicios de respiro permiten que su hijo participe en actividades divertidas al tiempo que le dan a usted la oportunidad de respirar.<\/p>\n<\/div>\n<p><a class=\"button secondary text-transform-uppercase margin-bottom-3rem\" href=\"https:\/\/www.progen.org\/es\/?page_id=1223\"><span class=\"\">M\u00e1s informaci\u00f3n<\/span><img loading=\"lazy\" decoding=\"async\" class=\"alignnone size-full wp-image-48\" src=\"\/wp-content\/uploads\/2023\/01\/right-arrow-icon.png\" alt=\"\" width=\"18\" height=\"18\"><\/a><\/p>\n<\/div>\n<p>[\/vc_column_text][\/vc_column_inner][\/vc_row_inner][vc_empty_space height=&#8221;90px&#8221; el_class=&#8221;show-for-large&#8221;][vc_empty_space height=&#8221;45px&#8221; el_class=&#8221;hide-for-large&#8221;][\/vc_column][\/vc_row][\/vc_section]<\/p>\n<\/section>","protected":false},"excerpt":{"rendered":"<p>[vc_section el_id=&#8221;aba-therapy-section_0&#8243; el_class=&#8221;bg-size-cover bg-no-repeat bg-center&#8221; css=&#8221;.vc_custom_1681283639241{background-image: url(https:\/\/www.progen.org\/wp-content\/uploads\/2023\/01\/services-section_0-bg.png?id=122) !important;}&#8221;][vc_row][vc_column][vc_empty_space height=&#8221;80px&#8221;][vc_row_inner el_class=&#8221;row no-padding-vc&#8221;][vc_column_inner][vc_column_text el_class=&#8221;large-text-left text-center&#8221;] Servicios [\/vc_column_text][\/vc_column_inner][\/vc_row_inner][vc_empty_space height=&#8221;180px&#8221;][\/vc_column][\/vc_row][\/vc_section][vc_section el_id=&#8221;aba-therapy-section_1&#8243;][vc_row][vc_column][vc_empty_space height=&#8221;90px&#8221; el_class=&#8221;show-for-large&#8221;][vc_empty_space height=&#8221;45px&#8221; el_class=&#8221;hide-for-large&#8221;][vc_row_inner equal_height=&#8221;yes&#8221; content_placement=&#8221;middle&#8221; el_class=&#8221;row no-padding-vc&#8221;][vc_column_inner el_class=&#8221;large-order-1&#8243; width=&#8221;1\/2&#8243;][vc_column_text el_class=&#8221;center-overlapped-images&#8221;] [\/vc_column_text][\/vc_column_inner][vc_column_inner el_class=&#8221;large-order-0&#8243; width=&#8221;1\/2&#8243;][vc_column_text el_class=&#8221;text-center large-text-left extra-large-padding-right-for-large&#8221;] Terapia ABA La terapia ABA (An\u00e1lisis Conductual Aplicado) es un tipo de terapia conductual que se centra en mejorar conductas y<a class=\"excerpt-read-more\" href=\"https:\/\/www.progen.org\/es\/servicios\/terapia-aba\/\" title=\"LeerTerapia ABA\">&#8230; Leer m\u00e1s &#8220;<\/a><\/p>\n","protected":false},"author":1,"featured_media":0,"parent":1178,"menu_order":0,"comment_status":"closed","ping_status":"closed","template":"template-visual-builder.php","meta":{"inline_featured_image":false,"footnotes":""},"yoast_head":"<!-- This site is optimized with the Yoast SEO plugin v21.6 - https:\/\/yoast.com\/wordpress\/plugins\/seo\/ -->\n<title>Terapia ABA - Progen Care<\/title>\n<meta name=\"robots\" content=\"index, follow, max-snippet:-1, max-image-preview:large, max-video-preview:-1\" \/>\n<link rel=\"canonical\" href=\"https:\/\/www.progen.org\/es\/servicios\/terapia-aba\/\" \/>\n<meta property=\"og:locale\" content=\"es_ES\" \/>\n<meta property=\"og:type\" content=\"article\" \/>\n<meta property=\"og:title\" content=\"Terapia ABA - Progen Care\" \/>\n<meta property=\"og:description\" content=\"[vc_section el_id=&#8221;aba-therapy-section_0&#8243; el_class=&#8221;bg-size-cover bg-no-repeat bg-center&#8221; css=&#8221;.vc_custom_1681283639241{background-image: url(https:\/\/www.progen.org\/wp-content\/uploads\/2023\/01\/services-section_0-bg.png?id=122) !important;}&#8221;][vc_row][vc_column][vc_empty_space height=&#8221;80px&#8221;][vc_row_inner el_class=&#8221;row no-padding-vc&#8221;][vc_column_inner][vc_column_text el_class=&#8221;large-text-left text-center&#8221;] Servicios [\/vc_column_text][\/vc_column_inner][\/vc_row_inner][vc_empty_space height=&#8221;180px&#8221;][\/vc_column][\/vc_row][\/vc_section][vc_section el_id=&#8221;aba-therapy-section_1&#8243;][vc_row][vc_column][vc_empty_space height=&#8221;90px&#8221; el_class=&#8221;show-for-large&#8221;][vc_empty_space height=&#8221;45px&#8221; el_class=&#8221;hide-for-large&#8221;][vc_row_inner equal_height=&#8221;yes&#8221; content_placement=&#8221;middle&#8221; el_class=&#8221;row no-padding-vc&#8221;][vc_column_inner el_class=&#8221;large-order-1&#8243; width=&#8221;1\/2&#8243;][vc_column_text el_class=&#8221;center-overlapped-images&#8221;] [\/vc_column_text][\/vc_column_inner][vc_column_inner el_class=&#8221;large-order-0&#8243; width=&#8221;1\/2&#8243;][vc_column_text el_class=&#8221;text-center large-text-left extra-large-padding-right-for-large&#8221;] Terapia ABA La terapia ABA (An\u00e1lisis Conductual Aplicado) es un tipo de terapia conductual que se centra en mejorar conductas y... Leer m\u00e1s &quot;\" \/>\n<meta property=\"og:url\" content=\"https:\/\/www.progen.org\/es\/servicios\/terapia-aba\/\" \/>\n<meta property=\"og:site_name\" content=\"Progen Care\" \/>\n<meta property=\"article:publisher\" content=\"https:\/\/www.facebook.com\/progencare\/\" \/>\n<meta property=\"article:modified_time\" content=\"2023-06-19T14:31:23+00:00\" \/>\n<meta property=\"og:image\" content=\"https:\/\/www.progen.org\/wp-content\/uploads\/2023\/01\/care-management-section_1-img_1.png\" \/>\n\t<meta property=\"og:image:width\" content=\"689\" \/>\n\t<meta property=\"og:image:height\" content=\"455\" \/>\n\t<meta property=\"og:image:type\" content=\"image\/png\" \/>\n<meta name=\"twitter:card\" content=\"summary_large_image\" \/>\n<meta name=\"twitter:label1\" content=\"Est. reading time\" \/>\n\t<meta name=\"twitter:data1\" content=\"5 minutes\" \/>\n<script type=\"application\/ld+json\" class=\"yoast-schema-graph\">{\"@context\":\"https:\/\/schema.org\",\"@graph\":[{\"@type\":\"WebPage\",\"@id\":\"https:\/\/www.progen.org\/es\/servicios\/terapia-aba\/\",\"url\":\"https:\/\/www.progen.org\/es\/servicios\/terapia-aba\/\",\"name\":\"Terapia ABA - Progen Care\",\"isPartOf\":{\"@id\":\"https:\/\/www.progen.org\/#website\"},\"datePublished\":\"2023-04-12T07:06:32+00:00\",\"dateModified\":\"2023-06-19T14:31:23+00:00\",\"breadcrumb\":{\"@id\":\"https:\/\/www.progen.org\/es\/servicios\/terapia-aba\/#breadcrumb\"},\"inLanguage\":\"es-ES\",\"potentialAction\":[{\"@type\":\"ReadAction\",\"target\":[\"https:\/\/www.progen.org\/es\/servicios\/terapia-aba\/\"]}]},{\"@type\":\"BreadcrumbList\",\"@id\":\"https:\/\/www.progen.org\/es\/servicios\/terapia-aba\/#breadcrumb\",\"itemListElement\":[{\"@type\":\"ListItem\",\"position\":1,\"name\":\"Home\",\"item\":\"https:\/\/www.progen.org\/es\/\"},{\"@type\":\"ListItem\",\"position\":2,\"name\":\"Servicios\",\"item\":\"https:\/\/www.progen.org\/es\/servicios\/\"},{\"@type\":\"ListItem\",\"position\":3,\"name\":\"Terapia ABA\"}]},{\"@type\":\"WebSite\",\"@id\":\"https:\/\/www.progen.org\/#website\",\"url\":\"https:\/\/www.progen.org\/\",\"name\":\"Progen Care\",\"description\":\"Connecting Children With The Best  Possible Care\",\"publisher\":{\"@id\":\"https:\/\/www.progen.org\/#organization\"},\"potentialAction\":[{\"@type\":\"SearchAction\",\"target\":{\"@type\":\"EntryPoint\",\"urlTemplate\":\"https:\/\/www.progen.org\/?s={search_term_string}\"},\"query-input\":\"required name=search_term_string\"}],\"inLanguage\":\"es-ES\"},{\"@type\":\"Organization\",\"@id\":\"https:\/\/www.progen.org\/#organization\",\"name\":\"Progen Care\",\"url\":\"https:\/\/www.progen.org\/\",\"logo\":{\"@type\":\"ImageObject\",\"inLanguage\":\"es-ES\",\"@id\":\"https:\/\/www.progen.org\/#\/schema\/logo\/image\/\",\"url\":\"https:\/\/www.progen.org\/wp-content\/uploads\/2023\/01\/logo.png\",\"contentUrl\":\"https:\/\/www.progen.org\/wp-content\/uploads\/2023\/01\/logo.png\",\"width\":242,\"height\":83,\"caption\":\"Progen Care\"},\"image\":{\"@id\":\"https:\/\/www.progen.org\/#\/schema\/logo\/image\/\"},\"sameAs\":[\"https:\/\/www.facebook.com\/progencare\/\",\"https:\/\/www.instagram.com\/progencare\/\",\"https:\/\/www.linkedin.com\/company\/progencare\/\"]}]}<\/script>\n<!-- \/ Yoast SEO plugin. -->","yoast_head_json":{"title":"Terapia ABA - Progen Care","robots":{"index":"index","follow":"follow","max-snippet":"max-snippet:-1","max-image-preview":"max-image-preview:large","max-video-preview":"max-video-preview:-1"},"canonical":"https:\/\/www.progen.org\/es\/servicios\/terapia-aba\/","og_locale":"es_ES","og_type":"article","og_title":"Terapia ABA - Progen Care","og_description":"[vc_section el_id=&#8221;aba-therapy-section_0&#8243; el_class=&#8221;bg-size-cover bg-no-repeat bg-center&#8221; css=&#8221;.vc_custom_1681283639241{background-image: url(https:\/\/www.progen.org\/wp-content\/uploads\/2023\/01\/services-section_0-bg.png?id=122) !important;}&#8221;][vc_row][vc_column][vc_empty_space height=&#8221;80px&#8221;][vc_row_inner el_class=&#8221;row no-padding-vc&#8221;][vc_column_inner][vc_column_text el_class=&#8221;large-text-left text-center&#8221;] Servicios [\/vc_column_text][\/vc_column_inner][\/vc_row_inner][vc_empty_space height=&#8221;180px&#8221;][\/vc_column][\/vc_row][\/vc_section][vc_section el_id=&#8221;aba-therapy-section_1&#8243;][vc_row][vc_column][vc_empty_space height=&#8221;90px&#8221; el_class=&#8221;show-for-large&#8221;][vc_empty_space height=&#8221;45px&#8221; el_class=&#8221;hide-for-large&#8221;][vc_row_inner equal_height=&#8221;yes&#8221; content_placement=&#8221;middle&#8221; el_class=&#8221;row no-padding-vc&#8221;][vc_column_inner el_class=&#8221;large-order-1&#8243; width=&#8221;1\/2&#8243;][vc_column_text el_class=&#8221;center-overlapped-images&#8221;] [\/vc_column_text][\/vc_column_inner][vc_column_inner el_class=&#8221;large-order-0&#8243; width=&#8221;1\/2&#8243;][vc_column_text el_class=&#8221;text-center large-text-left extra-large-padding-right-for-large&#8221;] Terapia ABA La terapia ABA (An\u00e1lisis Conductual Aplicado) es un tipo de terapia conductual que se centra en mejorar conductas y... Leer m\u00e1s \"","og_url":"https:\/\/www.progen.org\/es\/servicios\/terapia-aba\/","og_site_name":"Progen Care","article_publisher":"https:\/\/www.facebook.com\/progencare\/","article_modified_time":"2023-06-19T14:31:23+00:00","og_image":[{"width":689,"height":455,"url":"https:\/\/www.progen.org\/wp-content\/uploads\/2023\/01\/care-management-section_1-img_1.png","type":"image\/png"}],"twitter_card":"summary_large_image","twitter_misc":{"Est. reading time":"5 minutes"},"schema":{"@context":"https:\/\/schema.org","@graph":[{"@type":"WebPage","@id":"https:\/\/www.progen.org\/es\/servicios\/terapia-aba\/","url":"https:\/\/www.progen.org\/es\/servicios\/terapia-aba\/","name":"Terapia ABA - Progen Care","isPartOf":{"@id":"https:\/\/www.progen.org\/#website"},"datePublished":"2023-04-12T07:06:32+00:00","dateModified":"2023-06-19T14:31:23+00:00","breadcrumb":{"@id":"https:\/\/www.progen.org\/es\/servicios\/terapia-aba\/#breadcrumb"},"inLanguage":"es-ES","potentialAction":[{"@type":"ReadAction","target":["https:\/\/www.progen.org\/es\/servicios\/terapia-aba\/"]}]},{"@type":"BreadcrumbList","@id":"https:\/\/www.progen.org\/es\/servicios\/terapia-aba\/#breadcrumb","itemListElement":[{"@type":"ListItem","position":1,"name":"Home","item":"https:\/\/www.progen.org\/es\/"},{"@type":"ListItem","position":2,"name":"Servicios","item":"https:\/\/www.progen.org\/es\/servicios\/"},{"@type":"ListItem","position":3,"name":"Terapia ABA"}]},{"@type":"WebSite","@id":"https:\/\/www.progen.org\/#website","url":"https:\/\/www.progen.org\/","name":"Progen Care","description":"Connecting Children With The Best  Possible Care","publisher":{"@id":"https:\/\/www.progen.org\/#organization"},"potentialAction":[{"@type":"SearchAction","target":{"@type":"EntryPoint","urlTemplate":"https:\/\/www.progen.org\/?s={search_term_string}"},"query-input":"required name=search_term_string"}],"inLanguage":"es-ES"},{"@type":"Organization","@id":"https:\/\/www.progen.org\/#organization","name":"Progen Care","url":"https:\/\/www.progen.org\/","logo":{"@type":"ImageObject","inLanguage":"es-ES","@id":"https:\/\/www.progen.org\/#\/schema\/logo\/image\/","url":"https:\/\/www.progen.org\/wp-content\/uploads\/2023\/01\/logo.png","contentUrl":"https:\/\/www.progen.org\/wp-content\/uploads\/2023\/01\/logo.png","width":242,"height":83,"caption":"Progen Care"},"image":{"@id":"https:\/\/www.progen.org\/#\/schema\/logo\/image\/"},"sameAs":["https:\/\/www.facebook.com\/progencare\/","https:\/\/www.instagram.com\/progencare\/","https:\/\/www.linkedin.com\/company\/progencare\/"]}]}},"_links":{"self":[{"href":"https:\/\/www.progen.org\/es\/wp-json\/wp\/v2\/pages\/1440"}],"collection":[{"href":"https:\/\/www.progen.org\/es\/wp-json\/wp\/v2\/pages"}],"about":[{"href":"https:\/\/www.progen.org\/es\/wp-json\/wp\/v2\/types\/page"}],"author":[{"embeddable":true,"href":"https:\/\/www.progen.org\/es\/wp-json\/wp\/v2\/users\/1"}],"replies":[{"embeddable":true,"href":"https:\/\/www.progen.org\/es\/wp-json\/wp\/v2\/comments?post=1440"}],"version-history":[{"count":2,"href":"https:\/\/www.progen.org\/es\/wp-json\/wp\/v2\/pages\/1440\/revisions"}],"predecessor-version":[{"id":1459,"href":"https:\/\/www.progen.org\/es\/wp-json\/wp\/v2\/pages\/1440\/revisions\/1459"}],"up":[{"embeddable":true,"href":"https:\/\/www.progen.org\/es\/wp-json\/wp\/v2\/pages\/1178"}],"wp:attachment":[{"href":"https:\/\/www.progen.org\/es\/wp-json\/wp\/v2\/media?parent=1440"}],"curies":[{"name":"wp","href":"https:\/\/api.w.org\/{rel}","templated":true}]}}